{"id":435,"date":"2021-12-13T12:44:49","date_gmt":"2021-12-13T11:44:49","guid":{"rendered":"https:\/\/tijanibooks.biz\/?page_id=435"},"modified":"2021-12-18T16:20:15","modified_gmt":"2021-12-18T15:20:15","slug":"oraisons-paperback","status":"publish","type":"page","link":"https:\/\/tijanibooks.biz\/fr\/oraisons-paperback\/","title":{"rendered":"oraisons-paperback"},"content":{"rendered":"<div data-elementor-type=\"wp-page\" data-elementor-id=\"435\" class=\"elementor elementor-435\">\n\t\t\t\t\t\t<section class=\"has_eae_slider elementor-section elementor-top-section elementor-element elementor-element-362495ce elementor-section-content-middle elementor-section-boxed elementor-section-height-default elementor-section-height-default\" data-eae-slider=\"53996\" data-id=\"362495ce\" data-element_type=\"section\" data-e-type=\"section\">\n\t\t\t\t\t\t<div class=\"elementor-container elementor-column-gap-no\">\n\t\t\t\t\t<div class=\"has_eae_slider elementor-column elementor-col-50 elementor-top-column elementor-element elementor-element-59b83179\" data-eae-slider=\"89169\" data-id=\"59b83179\" data-element_type=\"column\" data-e-type=\"column\">\n\t\t\t<div class=\"elementor-widget-wrap elementor-element-populated\">\n\t\t\t\t\t\t<div class=\"elementor-element elementor-element-df543f6 eae--hr-position-center eae--vr-position-middle elementor-widget elementor-widget-eae-thumbgallery\" data-id=\"df543f6\" data-element_type=\"widget\" data-e-type=\"widget\" data-settings=\"{&quot;thumb_slides_per_view&quot;:3,&quot;thumb_slides_per_view_tablet&quot;:3,&quot;thumb_slides_per_view_mobile&quot;:2,&quot;thumb_space_between&quot;:10,&quot;thumb_space_between_tablet&quot;:10,&quot;thumb_space_between_mobile&quot;:5,&quot;slider_space_between&quot;:{&quot;unit&quot;:&quot;px&quot;,&quot;size&quot;:10,&quot;sizes&quot;:[]},&quot;slider_space_between_tablet&quot;:{&quot;unit&quot;:&quot;px&quot;,&quot;size&quot;:15,&quot;sizes&quot;:[]},&quot;slider_space_between_mobile&quot;:{&quot;unit&quot;:&quot;px&quot;,&quot;size&quot;:10,&quot;sizes&quot;:[]}}\" data-widget_type=\"eae-thumbgallery.default\">\n\t\t\t\t<div class=\"elementor-widget-container\">\n\t\t\t\t\t\n\t\t<div class=\"eae-swiper-outer-wrapper eae-swiper\" data-swiper-settings=\"{&quot;breakpoints_value&quot;:{&quot;mobile&quot;:320,&quot;tablet&quot;:768,&quot;desktop&quot;:1025},&quot;thumbs&quot;:{&quot;spaceBetween&quot;:{&quot;mobile&quot;:5,&quot;tablet&quot;:10,&quot;default&quot;:10},&quot;slidesPerView&quot;:{&quot;mobile&quot;:2,&quot;tablet&quot;:3,&quot;default&quot;:3}},&quot;effect&quot;:&quot;slide&quot;,&quot;speed&quot;:500,&quot;spaceBetween&quot;:{&quot;mobile&quot;:1,&quot;tablet&quot;:1,&quot;default&quot;:10},&quot;clickable&quot;:false,&quot;keyboard&quot;:true}\">\n\t\t\t\t\t   \n\t\t\t<div class=\"eae-swiper-container swiper\">\n\t\t\t\t<div class=\"eae-swiper-wrapper swiper-wrapper slider_vertical_wrapper\">\n\t\t\t\t\t\n\n\t\t\t\t\t<div class=\"elementor-repeater-item-b3a4972 eae-swiper-slide swiper-slide\" style=\"background-image : url(https:\/\/tijanibooks.biz\/wp-content\/uploads\/2021\/12\/les-oraisons.jpg);\">\n\t\t\t\t   \n\t\t\t\t\t\t\t\t\t\t\t\t<div class=\"eae-slide-inner\">\t\t\t\t\t\t\t\t\t\t\t\t\t\t<\/div>\t\t\t\t\t\t\t<\/div>\n\t\t\t\t   \n\t\t\t\t\t\n\n\t\t\t\t\t<div class=\"elementor-repeater-item-a15c943 eae-swiper-slide swiper-slide\" style=\"background-image : url(https:\/\/tijanibooks.biz\/wp-content\/uploads\/2021\/12\/71LouCKHkxL.jpg);\">\n\t\t\t\t   \n\t\t\t\t\t\t\t\t\t\t\t\t<div class=\"eae-slide-inner\">\t\t\t\t\t\t\t\t\t\t\t\t\t\t<\/div>\t\t\t\t\t\t\t<\/div>\n\t\t\t\t   \n\t\t\t\t\t\n\n\t\t\t\t\t<div class=\"elementor-repeater-item-345456b eae-swiper-slide swiper-slide\" style=\"background-image : url(https:\/\/tijanibooks.biz\/wp-content\/uploads\/2021\/12\/51egn3LF8zL.jpg);\">\n\t\t\t\t   \n\t\t\t\t\t\t\t\t\t\t\t\t<div class=\"eae-slide-inner\">\t\t\t\t\t\t\t\t\t\t\t\t\t\t<\/div>\t\t\t\t\t\t\t<\/div>\n\t\t\t\t   \n\t\t\t\t\t \n\t\t\t\t<\/div>\n\t\t\t   \n\t\t\t\t\t\t\t\t\t\n\t\t\t<\/div>\t\n\t\t\n\t\t\t<div class=\"eae-thumb-container swiper eae-gallery-thumbs eae-thumb-horizontal-bottom\">\n\t\t\t\t<div class=\"eae-thumb-wrapper swiper-wrapper\">\n\t\t\t\t\t\t\t\t\t\t   \n\t\t\t\t\t\t<div class=\"elementor-repeater-item-b3a4972 eae-thumb-slide swiper-slide\" style=\"background-image : url(https:\/\/tijanibooks.biz\/wp-content\/uploads\/2021\/12\/les-oraisons.jpg);\">\n\t\t\t\t\t\t\t\t<div class='eae-fit-aspect-ratio'><\/div>\n\t\t\t\t\t\t<\/div>\n\t\t\t\t\t\t\t\t\t\t   \n\t\t\t\t\t\t<div class=\"elementor-repeater-item-a15c943 eae-thumb-slide swiper-slide\" style=\"background-image : url(https:\/\/tijanibooks.biz\/wp-content\/uploads\/2021\/12\/71LouCKHkxL.jpg);\">\n\t\t\t\t\t\t\t\t<div class='eae-fit-aspect-ratio'><\/div>\n\t\t\t\t\t\t<\/div>\n\t\t\t\t\t\t\t\t\t\t   \n\t\t\t\t\t\t<div class=\"elementor-repeater-item-345456b eae-thumb-slide swiper-slide\" style=\"background-image : url(https:\/\/tijanibooks.biz\/wp-content\/uploads\/2021\/12\/51egn3LF8zL.jpg);\">\n\t\t\t\t\t\t\t\t<div class='eae-fit-aspect-ratio'><\/div>\n\t\t\t\t\t\t<\/div>\n\t\t\t\t\t \n\t\t\t\t<\/div>\n\n\t\t\t\t\n\t\t\t<\/div>\n\n\t\t\t\t<\/div> \n\t\t\t\t\t\t<\/div>\n\t\t\t\t<\/div>\n\t\t\t\t\t<\/div>\n\t\t<\/div>\n\t\t\t\t<div class=\"has_eae_slider elementor-column elementor-col-50 elementor-top-column elementor-element elementor-element-2e67b455\" data-eae-slider=\"7179\" data-id=\"2e67b455\" data-element_type=\"column\" data-e-type=\"column\">\n\t\t\t<div class=\"elementor-widget-wrap elementor-element-populated\">\n\t\t\t\t\t\t<div class=\"elementor-element elementor-element-61ac5263 elementor-widget elementor-widget-heading\" data-id=\"61ac5263\" data-element_type=\"widget\" data-e-type=\"widget\" data-widget_type=\"heading.default\">\n\t\t\t\t<div class=\"elementor-widget-container\">\n\t\t\t\t\t<h1 class=\"elementor-heading-title elementor-size-default\">Les conditions et les oraisons de la Tijaniya et leur appui dans le Coran et la Sunna Proph\u00e9tique<\/h1>\t\t\t\t<\/div>\n\t\t\t\t<\/div>\n\t\t\t\t<div class=\"elementor-element elementor-element-1d077c3e elementor-widget elementor-widget-text-editor\" data-id=\"1d077c3e\" data-element_type=\"widget\" data-e-type=\"widget\" data-widget_type=\"text-editor.default\">\n\t\t\t\t<div class=\"elementor-widget-container\">\n\t\t\t\t\t\t\t\t\t<p>26,27 \u20ac<br \/>Broch\u00e9, 496 pages.<br \/>ISBN 978-3000661075<\/p>\t\t\t\t\t\t\t\t<\/div>\n\t\t\t\t<\/div>\n\t\t\t\t<div class=\"elementor-element elementor-element-2119da30 elementor-widget elementor-widget-toggle\" data-id=\"2119da30\" data-element_type=\"widget\" data-e-type=\"widget\" data-widget_type=\"toggle.default\">\n\t\t\t\t<div class=\"elementor-widget-container\">\n\t\t\t\t\t\t\t<div class=\"elementor-toggle\">\n\t\t\t\t\t\t\t<div class=\"elementor-toggle-item\">\n\t\t\t\t\t<div id=\"elementor-tab-title-5551\" class=\"elementor-tab-title\" data-tab=\"1\" role=\"button\" aria-controls=\"elementor-tab-content-5551\" aria-expanded=\"false\">\n\t\t\t\t\t\t\t\t\t\t\t\t<span class=\"elementor-toggle-icon elementor-toggle-icon-left\" aria-hidden=\"true\">\n\t\t\t\t\t\t\t\t\t\t\t\t\t\t\t<span class=\"elementor-toggle-icon-closed\"><i class=\"fas fa-chevron-down\"><\/i><\/span>\n\t\t\t\t\t\t\t\t<span class=\"elementor-toggle-icon-opened\"><i class=\"elementor-toggle-icon-opened fas fa-caret-up\"><\/i><\/span>\n\t\t\t\t\t\t\t\t\t\t\t\t\t<\/span>\n\t\t\t\t\t\t\t\t\t\t\t\t<a class=\"elementor-toggle-title\" tabindex=\"0\">\u00e0 propos du livre<\/a>\n\t\t\t\t\t<\/div>\n\n\t\t\t\t\t<div id=\"elementor-tab-content-5551\" class=\"elementor-tab-content elementor-clearfix\" data-tab=\"1\" role=\"region\" aria-labelledby=\"elementor-tab-title-5551\"><p><i>\u00ab Quelqu\u2019un pourrait ne pas comprendre et dire : il y a d\u00e9j\u00e0 tant de livres riches et suffisants qu\u2019il est peu avantageux d\u2019\u00e9crire un de plus aujourd\u2019hui. Celui qui dit cela a raison : les livres sont v\u00e9ritablement nombreux et devraient suffire. Mais il a \u00e9galement tort quand il dit que la composition des nouveaux livres n\u2019est pas b\u00e9n\u00e9fique. En effet, les c\u0153urs des humains sont, par leur nature, attir\u00e9s vers toute chose nouvelle, et Allah donne la science \u00e0 chaque \u00e9poque selon le contexte actuel afin que les gens puissent comprendre le mieux possible. \u00bb<\/i><\/p><p>Ce livre s\u2019inscrit justement dans cet esprit d\u2019\u00e9ducation perp\u00e9tuelle.<\/p><p>Il s\u2019inspire des secrets spirituels du Coran, de la Sunna et des livres des plus grands Ma\u00eetres de la voie de la Tijaniya pour vous aider \u00e0 raviver votre foi, surmonter vos doutes et approfondir votre lien avec Allah. \nGr\u00e2ce \u00e0 des citations des Ma\u00eetres de la Tijaniya et de textes classiques, vous d\u00e9velopperez la connaissance des pratiques spirituelles \u2013 profond\u00e9ment ancr\u00e9es dans la vaste tradition islamique \u2013 n\u00e9cessaires pour mieux conna\u00eetre cette voix au point de ne plus en douter, voire la critiquer.<br \/>Through the words of the Masters of the Tijaniya and essential classical texts, you will develop knowledge of spiritual practices &#8211; deeply rooted in the vast Islamic tradition &#8211; necessary to know this path so well that you no longer doubt or even criticize it.<\/p><p>Les passages de ce livre sont votre boussole et constituent le manuel qui vous ram\u00e8nera directement aux sources des pratiques de la spiritualit\u00e9 islamique. \u00c0 travers les principes et les pratiques du Soufisme, vous apprendrez comment d\u00e9velopper votre potentiel spirituel et d\u00e9voiler la perfection personnelle.<\/p><p>Les conditions et les oraisons de la Tijaniya utilise une approche rationnelle, traditionnelle, bas\u00e9e sur les \u00e9crits des plus grands Ma\u00eetres, qui non seulement \u00e9claire les principes de la spiritualit\u00e9 islamique, mais inspire l\u2019\u00e2me vers une intimit\u00e9 plus profonde avec Allah.<\/p><\/div>\n\t\t\t\t<\/div>\n\t\t\t\t\t\t\t\t<\/div>\n\t\t\t\t\t\t<\/div>\n\t\t\t\t<\/div>\n\t\t\t\t<div class=\"elementor-element elementor-element-1576b277 elementor-mobile-align-center elementor-align-left elementor-widget elementor-widget-button\" data-id=\"1576b277\" data-element_type=\"widget\" data-e-type=\"widget\" data-widget_type=\"button.default\">\n\t\t\t\t<div class=\"elementor-widget-container\">\n\t\t\t\t\t\t\t\t\t<div class=\"elementor-button-wrapper\">\n\t\t\t\t\t<a class=\"elementor-button elementor-button-link elementor-size-md elementor-animation-grow\" href=\"https:\/\/www.amazon.fr\/dp\/3000661077\" target=\"_blank\">\n\t\t\t\t\t\t<span class=\"elementor-button-content-wrapper\">\n\t\t\t\t\t\t<span class=\"elementor-button-icon\">\n\t\t\t\t<i aria-hidden=\"true\" class=\"fab fa-amazon\"><\/i>\t\t\t<\/span>\n\t\t\t\t\t\t\t\t\t<span class=\"elementor-button-text\">acheter sur<\/span>\n\t\t\t\t\t<\/span>\n\t\t\t\t\t<\/a>\n\t\t\t\t<\/div>\n\t\t\t\t\t\t\t\t<\/div>\n\t\t\t\t<\/div>\n\t\t\t\t\t<\/div>\n\t\t<\/div>\n\t\t\t\t\t<\/div>\n\t\t<\/section>\n\t\t\t\t<\/div>","protected":false},"excerpt":{"rendered":"<p>Les conditions et les oraisons de la Tijaniya et leur appui dans le Coran et la Sunna Proph\u00e9tique 26,27 \u20acPaperback, 496 pages.ISBN 978-3000661075 about the book \u201cA person of little understanding may perhaps say: &#8216;There is already a sufficient amount of books, until there is no benefit in compiling new ones at this time.&#8217; Such&hellip;&nbsp;<a href=\"https:\/\/tijanibooks.biz\/fr\/oraisons-paperback\/\" rel=\"bookmark\">Lire la suite &raquo;<span class=\"screen-reader-text\">oraisons-paperback<\/span><\/a><\/p>","protected":false},"author":1,"featured_media":0,"parent":0,"menu_order":0,"comment_status":"closed","ping_status":"closed","template":"","meta":{"neve_meta_sidebar":"full-width","neve_meta_container":"full-width","neve_meta_enable_content_width":"off","neve_meta_content_width":70,"neve_meta_title_alignment":"","neve_meta_author_avatar":"","neve_post_elements_order":"","neve_meta_disable_header":"off","neve_meta_disable_footer":"on","neve_meta_disable_title":"on","footnotes":""},"class_list":["post-435","page","type-page","status-publish","hentry"],"jetpack_sharing_enabled":true,"_links":{"self":[{"href":"https:\/\/tijanibooks.biz\/fr\/wp-json\/wp\/v2\/pages\/435","targetHints":{"allow":["GET"]}}],"collection":[{"href":"https:\/\/tijanibooks.biz\/fr\/wp-json\/wp\/v2\/pages"}],"about":[{"href":"https:\/\/tijanibooks.biz\/fr\/wp-json\/wp\/v2\/types\/page"}],"author":[{"embeddable":true,"href":"https:\/\/tijanibooks.biz\/fr\/wp-json\/wp\/v2\/users\/1"}],"replies":[{"embeddable":true,"href":"https:\/\/tijanibooks.biz\/fr\/wp-json\/wp\/v2\/comments?post=435"}],"version-history":[{"count":10,"href":"https:\/\/tijanibooks.biz\/fr\/wp-json\/wp\/v2\/pages\/435\/revisions"}],"predecessor-version":[{"id":779,"href":"https:\/\/tijanibooks.biz\/fr\/wp-json\/wp\/v2\/pages\/435\/revisions\/779"}],"wp:attachment":[{"href":"https:\/\/tijanibooks.biz\/fr\/wp-json\/wp\/v2\/media?parent=435"}],"curies":[{"name":"wp","href":"https:\/\/api.w.org\/{rel}","templated":true}]}}