{"id":437,"date":"2021-12-13T12:45:13","date_gmt":"2021-12-13T11:45:13","guid":{"rendered":"https:\/\/tijanibooks.biz\/?page_id=437"},"modified":"2024-11-01T23:00:03","modified_gmt":"2024-11-01T22:00:03","slug":"jawharat","status":"publish","type":"page","link":"https:\/\/tijanibooks.biz\/fr\/jawharat\/","title":{"rendered":"jawharat"},"content":{"rendered":"<div data-elementor-type=\"wp-page\" data-elementor-id=\"437\" class=\"elementor elementor-437\">\n\t\t\t\t\t\t<section class=\"has_eae_slider elementor-section elementor-top-section elementor-element elementor-element-362495ce elementor-section-content-middle elementor-section-boxed elementor-section-height-default elementor-section-height-default\" data-eae-slider=\"15004\" data-id=\"362495ce\" data-element_type=\"section\" data-e-type=\"section\">\n\t\t\t\t\t\t<div class=\"elementor-container elementor-column-gap-no\">\n\t\t\t\t\t<div class=\"has_eae_slider elementor-column elementor-col-50 elementor-top-column elementor-element elementor-element-59b83179\" data-eae-slider=\"77214\" data-id=\"59b83179\" data-element_type=\"column\" data-e-type=\"column\">\n\t\t\t<div class=\"elementor-widget-wrap elementor-element-populated\">\n\t\t\t\t\t\t<div class=\"elementor-element elementor-element-df543f6 eae--hr-position-center eae--vr-position-middle elementor-widget elementor-widget-eae-thumbgallery\" data-id=\"df543f6\" data-element_type=\"widget\" data-e-type=\"widget\" data-settings=\"{&quot;thumb_slides_per_view&quot;:3,&quot;thumb_slides_per_view_tablet&quot;:3,&quot;thumb_slides_per_view_mobile&quot;:2,&quot;thumb_space_between&quot;:10,&quot;thumb_space_between_tablet&quot;:10,&quot;thumb_space_between_mobile&quot;:5,&quot;slider_space_between&quot;:{&quot;unit&quot;:&quot;px&quot;,&quot;size&quot;:10,&quot;sizes&quot;:[]},&quot;slider_space_between_tablet&quot;:{&quot;unit&quot;:&quot;px&quot;,&quot;size&quot;:15,&quot;sizes&quot;:[]},&quot;slider_space_between_mobile&quot;:{&quot;unit&quot;:&quot;px&quot;,&quot;size&quot;:10,&quot;sizes&quot;:[]}}\" data-widget_type=\"eae-thumbgallery.default\">\n\t\t\t\t<div class=\"elementor-widget-container\">\n\t\t\t\t\t\n\t\t<div class=\"eae-swiper-outer-wrapper eae-swiper\" data-swiper-settings=\"{&quot;breakpoints_value&quot;:{&quot;mobile&quot;:320,&quot;tablet&quot;:768,&quot;desktop&quot;:1025},&quot;thumbs&quot;:{&quot;spaceBetween&quot;:{&quot;mobile&quot;:5,&quot;tablet&quot;:10,&quot;default&quot;:10},&quot;slidesPerView&quot;:{&quot;mobile&quot;:2,&quot;tablet&quot;:3,&quot;default&quot;:3}},&quot;effect&quot;:&quot;slide&quot;,&quot;speed&quot;:500,&quot;spaceBetween&quot;:{&quot;mobile&quot;:1,&quot;tablet&quot;:1,&quot;default&quot;:10},&quot;clickable&quot;:false,&quot;keyboard&quot;:true}\">\n\t\t\t\t\t   \n\t\t\t<div class=\"eae-swiper-container swiper\">\n\t\t\t\t<div class=\"eae-swiper-wrapper swiper-wrapper slider_vertical_wrapper\">\n\t\t\t\t\t\n\n\t\t\t\t\t<div class=\"elementor-repeater-item-b3a4972 eae-swiper-slide swiper-slide\" style=\"background-image : url(https:\/\/tijanibooks.biz\/wp-content\/uploads\/2024\/11\/jawhara-product.jpg);\">\n\t\t\t\t   \n\t\t\t\t\t\t\t\t\t\t\t\t<div class=\"eae-slide-inner\">\t\t\t\t\t\t\t\t\t\t\t\t\t\t<\/div>\t\t\t\t\t\t\t<\/div>\n\t\t\t\t   \n\t\t\t\t\t\n\n\t\t\t\t\t<div class=\"elementor-repeater-item-7c678b4 eae-swiper-slide swiper-slide\" style=\"background-image : url(https:\/\/tijanibooks.biz\/wp-content\/uploads\/2024\/11\/Jawhara-cover-1.jpg);\">\n\t\t\t\t   \n\t\t\t\t\t\t\t\t\t\t\t\t<div class=\"eae-slide-inner\">\t\t\t\t\t\t\t\t\t\t\t\t\t\t<\/div>\t\t\t\t\t\t\t<\/div>\n\t\t\t\t   \n\t\t\t\t\t\n\n\t\t\t\t\t<div class=\"elementor-repeater-item-345456b eae-swiper-slide swiper-slide\" style=\"background-image : url(https:\/\/tijanibooks.biz\/wp-content\/uploads\/2024\/11\/Jawhara-back.jpg);\">\n\t\t\t\t   \n\t\t\t\t\t\t\t\t\t\t\t\t<div class=\"eae-slide-inner\">\t\t\t\t\t\t\t\t\t\t\t\t\t\t<\/div>\t\t\t\t\t\t\t<\/div>\n\t\t\t\t   \n\t\t\t\t\t \n\t\t\t\t<\/div>\n\t\t\t   \n\t\t\t\t\t\t\t\t\t\n\t\t\t<\/div>\t\n\t\t\n\t\t\t<div class=\"eae-thumb-container swiper eae-gallery-thumbs eae-thumb-horizontal-bottom\">\n\t\t\t\t<div class=\"eae-thumb-wrapper swiper-wrapper\">\n\t\t\t\t\t\t\t\t\t\t   \n\t\t\t\t\t\t<div class=\"elementor-repeater-item-b3a4972 eae-thumb-slide swiper-slide\" style=\"background-image : url(https:\/\/tijanibooks.biz\/wp-content\/uploads\/2024\/11\/jawhara-product.jpg);\">\n\t\t\t\t\t\t\t\t<div class='eae-fit-aspect-ratio'><\/div>\n\t\t\t\t\t\t<\/div>\n\t\t\t\t\t\t\t\t\t\t   \n\t\t\t\t\t\t<div class=\"elementor-repeater-item-7c678b4 eae-thumb-slide swiper-slide\" style=\"background-image : url(https:\/\/tijanibooks.biz\/wp-content\/uploads\/2024\/11\/Jawhara-cover-1.jpg);\">\n\t\t\t\t\t\t\t\t<div class='eae-fit-aspect-ratio'><\/div>\n\t\t\t\t\t\t<\/div>\n\t\t\t\t\t\t\t\t\t\t   \n\t\t\t\t\t\t<div class=\"elementor-repeater-item-345456b eae-thumb-slide swiper-slide\" style=\"background-image : url(https:\/\/tijanibooks.biz\/wp-content\/uploads\/2024\/11\/Jawhara-back.jpg);\">\n\t\t\t\t\t\t\t\t<div class='eae-fit-aspect-ratio'><\/div>\n\t\t\t\t\t\t<\/div>\n\t\t\t\t\t \n\t\t\t\t<\/div>\n\n\t\t\t\t\n\t\t\t<\/div>\n\n\t\t\t\t<\/div> \n\t\t\t\t\t\t<\/div>\n\t\t\t\t<\/div>\n\t\t\t\t\t<\/div>\n\t\t<\/div>\n\t\t\t\t<div class=\"has_eae_slider elementor-column elementor-col-50 elementor-top-column elementor-element elementor-element-2e67b455\" data-eae-slider=\"45447\" data-id=\"2e67b455\" data-element_type=\"column\" data-e-type=\"column\">\n\t\t\t<div class=\"elementor-widget-wrap elementor-element-populated\">\n\t\t\t\t\t\t<div class=\"elementor-element elementor-element-61ac5263 elementor-widget elementor-widget-heading\" data-id=\"61ac5263\" data-element_type=\"widget\" data-e-type=\"widget\" data-widget_type=\"heading.default\">\n\t\t\t\t<div class=\"elementor-widget-container\">\n\t\t\t\t\t<h1 class=\"elementor-heading-title elementor-size-default\">L'Atlas des Univers dans la Perle de la Perfection<\/h1>\t\t\t\t<\/div>\n\t\t\t\t<\/div>\n\t\t\t\t<div class=\"elementor-element elementor-element-1d077c3e elementor-widget elementor-widget-text-editor\" data-id=\"1d077c3e\" data-element_type=\"widget\" data-e-type=\"widget\" data-widget_type=\"text-editor.default\">\n\t\t\t\t<div class=\"elementor-widget-container\">\n\t\t\t\t\t\t\t\t\t<p>31,64 \u20ac<br \/>broch\u00e9, 655pages.<br \/>ISBN 978-3982338361<\/p>\t\t\t\t\t\t\t\t<\/div>\n\t\t\t\t<\/div>\n\t\t\t\t<div class=\"elementor-element elementor-element-6b857d3 elementor-widget elementor-widget-toggle\" data-id=\"6b857d3\" data-element_type=\"widget\" data-e-type=\"widget\" data-widget_type=\"toggle.default\">\n\t\t\t\t<div class=\"elementor-widget-container\">\n\t\t\t\t\t\t\t<div class=\"elementor-toggle\">\n\t\t\t\t\t\t\t<div class=\"elementor-toggle-item\">\n\t\t\t\t\t<div id=\"elementor-tab-title-1121\" class=\"elementor-tab-title\" data-tab=\"1\" role=\"button\" aria-controls=\"elementor-tab-content-1121\" aria-expanded=\"false\">\n\t\t\t\t\t\t\t\t\t\t\t\t<span class=\"elementor-toggle-icon elementor-toggle-icon-left\" aria-hidden=\"true\">\n\t\t\t\t\t\t\t\t\t\t\t\t\t\t\t<span class=\"elementor-toggle-icon-closed\"><i class=\"fas fa-chevron-down\"><\/i><\/span>\n\t\t\t\t\t\t\t\t<span class=\"elementor-toggle-icon-opened\"><i class=\"elementor-toggle-icon-opened fas fa-caret-up\"><\/i><\/span>\n\t\t\t\t\t\t\t\t\t\t\t\t\t<\/span>\n\t\t\t\t\t\t\t\t\t\t\t\t<a class=\"elementor-toggle-title\" tabindex=\"0\">\u00e0 propos du livre<\/a>\n\t\t\t\t\t<\/div>\n\n\t\t\t\t\t<div id=\"elementor-tab-content-1121\" class=\"elementor-tab-content elementor-clearfix\" data-tab=\"1\" role=\"region\" aria-labelledby=\"elementor-tab-title-1121\"><p>La <em>Perle de la Perfection<\/em>, cette br\u00e8ve invocation au Proph\u00e8te, s'av\u00e8re \u00eatre une porte d'entr\u00e9e vers un univers infini de r\u00e9alit\u00e9s m\u00e9taphysiques. Les \u00e9rudits \u00e9minents ont g\u00e9n\u00e9reusement partag\u00e9 des indications pr\u00e9cieuses, nous dotant d'un t\u00e9lescope m\u00e9taphorique pour explorer l'immensit\u00e9 de ces v\u00e9rit\u00e9s, de la m\u00eame mani\u00e8re qu'un astronome scrute l'univers \u00e0 travers ses lentilles.<\/p><p>Les diverses explications et commentaires qui fleurissent autour de cette invocation offrent des perspectives vari\u00e9es. Certains optent pour des approches linguistiques, cherchant \u00e0 d\u00e9m\u00ealer l'inexplicable par le biais du langage. La langue, en tant que point de d\u00e9part, sert de passerelle essentielle pour ceux qui s'initient \u00e0 la <em>Perle de la Perfection<\/em>, offrant une voie d'acc\u00e8s compr\u00e9hensible \u00e0 ce domaine complexe et mystique. Ce domaine aspire \u00e0 r\u00e9aliser le verset: <em>\u00ab Nous leur montrerons Nos signes dans l'univers et en eux-m\u00eames, jusqu'\u00e0 ce qu'il leur devienne \u00e9vident que c'est Lui, la v\u00e9rit\u00e9. \u00bb (42:53)<\/em><\/p><p>Le commencement de ce voyage dans les profondeurs de l'univers m\u00e9taphysique est la Lumi\u00e8re Divine, dont le R\u00e9el, Glorifi\u00e9 et Exalt\u00e9 soit-Il, a d\u00e9coup\u00e9 un fragment d'une puret\u00e9 supr\u00eame et essentielle. Il en a fait une Source de la Mis\u00e9ricorde Divine, qui ne cesse de se r\u00e9pandre sur la cr\u00e9ation, comme mentionn\u00e9 dans le verset : <em>\u00ab L'exemple de Sa lumi\u00e8re est semblable \u00e0 une niche contenant une lampe \u00bb (24:35).<\/em><\/p><\/div>\n\t\t\t\t<\/div>\n\t\t\t\t\t\t\t\t<\/div>\n\t\t\t\t\t\t<\/div>\n\t\t\t\t<\/div>\n\t\t\t\t<div class=\"elementor-element elementor-element-1576b277 elementor-mobile-align-center elementor-align-left elementor-widget elementor-widget-button\" data-id=\"1576b277\" data-element_type=\"widget\" data-e-type=\"widget\" data-widget_type=\"button.default\">\n\t\t\t\t<div class=\"elementor-widget-container\">\n\t\t\t\t\t\t\t\t\t<div class=\"elementor-button-wrapper\">\n\t\t\t\t\t<a class=\"elementor-button elementor-button-link elementor-size-md elementor-animation-grow\" href=\"https:\/\/www.amazon.fr\/dp\/3982338360\/\" target=\"_blank\">\n\t\t\t\t\t\t<span class=\"elementor-button-content-wrapper\">\n\t\t\t\t\t\t<span class=\"elementor-button-icon\">\n\t\t\t\t<i aria-hidden=\"true\" class=\"fab fa-amazon\"><\/i>\t\t\t<\/span>\n\t\t\t\t\t\t\t\t\t<span class=\"elementor-button-text\">acheter sur<\/span>\n\t\t\t\t\t<\/span>\n\t\t\t\t\t<\/a>\n\t\t\t\t<\/div>\n\t\t\t\t\t\t\t\t<\/div>\n\t\t\t\t<\/div>\n\t\t\t\t\t<\/div>\n\t\t<\/div>\n\t\t\t\t\t<\/div>\n\t\t<\/section>\n\t\t\t\t<\/div>","protected":false},"excerpt":{"rendered":"<p>L&#8217;Atlas des Univers dans la Perle de la Perfection 31,64 \u20acpaperback, 655pages.ISBN 978-3982338361 about the book The Pearl of Perfection, a brief invocation to the Prophet, serves as a gateway into an infinite realm of metaphysical realities. Eminent scholars have generously shared invaluable insights, equipping us with a metaphorical telescope to explore the vast expanse&hellip;&nbsp;<a href=\"https:\/\/tijanibooks.biz\/fr\/jawharat\/\" rel=\"bookmark\">Lire la suite &raquo;<span class=\"screen-reader-text\">jawharat<\/span><\/a><\/p>","protected":false},"author":1,"featured_media":0,"parent":0,"menu_order":0,"comment_status":"closed","ping_status":"closed","template":"","meta":{"neve_meta_sidebar":"full-width","neve_meta_container":"full-width","neve_meta_enable_content_width":"off","neve_meta_content_width":70,"neve_meta_title_alignment":"","neve_meta_author_avatar":"","neve_post_elements_order":"","neve_meta_disable_header":"off","neve_meta_disable_footer":"on","neve_meta_disable_title":"on","footnotes":""},"class_list":["post-437","page","type-page","status-publish","hentry"],"jetpack_sharing_enabled":true,"_links":{"self":[{"href":"https:\/\/tijanibooks.biz\/fr\/wp-json\/wp\/v2\/pages\/437","targetHints":{"allow":["GET"]}}],"collection":[{"href":"https:\/\/tijanibooks.biz\/fr\/wp-json\/wp\/v2\/pages"}],"about":[{"href":"https:\/\/tijanibooks.biz\/fr\/wp-json\/wp\/v2\/types\/page"}],"author":[{"embeddable":true,"href":"https:\/\/tijanibooks.biz\/fr\/wp-json\/wp\/v2\/users\/1"}],"replies":[{"embeddable":true,"href":"https:\/\/tijanibooks.biz\/fr\/wp-json\/wp\/v2\/comments?post=437"}],"version-history":[{"count":10,"href":"https:\/\/tijanibooks.biz\/fr\/wp-json\/wp\/v2\/pages\/437\/revisions"}],"predecessor-version":[{"id":943,"href":"https:\/\/tijanibooks.biz\/fr\/wp-json\/wp\/v2\/pages\/437\/revisions\/943"}],"wp:attachment":[{"href":"https:\/\/tijanibooks.biz\/fr\/wp-json\/wp\/v2\/media?parent=437"}],"curies":[{"name":"wp","href":"https:\/\/api.w.org\/{rel}","templated":true}]}}