{"id":459,"date":"2021-12-13T13:04:47","date_gmt":"2021-12-13T12:04:47","guid":{"rendered":"https:\/\/tijanibooks.biz\/?page_id=459"},"modified":"2021-12-18T16:17:58","modified_gmt":"2021-12-18T15:17:58","slug":"voyage-nocturne","status":"publish","type":"page","link":"https:\/\/tijanibooks.biz\/fr\/voyage-nocturne\/","title":{"rendered":"voyage-nocturne"},"content":{"rendered":"<div data-elementor-type=\"wp-page\" data-elementor-id=\"459\" class=\"elementor elementor-459\">\n\t\t\t\t\t\t<section class=\"has_eae_slider elementor-section elementor-top-section elementor-element elementor-element-362495ce elementor-section-content-middle elementor-section-boxed elementor-section-height-default elementor-section-height-default\" data-eae-slider=\"43077\" data-id=\"362495ce\" data-element_type=\"section\" data-e-type=\"section\">\n\t\t\t\t\t\t<div class=\"elementor-container elementor-column-gap-no\">\n\t\t\t\t\t<div class=\"has_eae_slider elementor-column elementor-col-50 elementor-top-column elementor-element elementor-element-59b83179\" data-eae-slider=\"34347\" data-id=\"59b83179\" data-element_type=\"column\" data-e-type=\"column\">\n\t\t\t<div class=\"elementor-widget-wrap elementor-element-populated\">\n\t\t\t\t\t\t<div class=\"elementor-element elementor-element-df543f6 eae--hr-position-center eae--vr-position-middle elementor-widget elementor-widget-eae-thumbgallery\" data-id=\"df543f6\" data-element_type=\"widget\" data-e-type=\"widget\" data-settings=\"{&quot;thumb_slides_per_view&quot;:3,&quot;thumb_slides_per_view_tablet&quot;:3,&quot;thumb_slides_per_view_mobile&quot;:2,&quot;thumb_space_between&quot;:10,&quot;thumb_space_between_tablet&quot;:10,&quot;thumb_space_between_mobile&quot;:5,&quot;slider_space_between&quot;:{&quot;unit&quot;:&quot;px&quot;,&quot;size&quot;:10,&quot;sizes&quot;:[]},&quot;slider_space_between_tablet&quot;:{&quot;unit&quot;:&quot;px&quot;,&quot;size&quot;:15,&quot;sizes&quot;:[]},&quot;slider_space_between_mobile&quot;:{&quot;unit&quot;:&quot;px&quot;,&quot;size&quot;:10,&quot;sizes&quot;:[]}}\" data-widget_type=\"eae-thumbgallery.default\">\n\t\t\t\t<div class=\"elementor-widget-container\">\n\t\t\t\t\t\n\t\t<div class=\"eae-swiper-outer-wrapper eae-swiper\" data-swiper-settings=\"{&quot;breakpoints_value&quot;:{&quot;mobile&quot;:320,&quot;tablet&quot;:768,&quot;desktop&quot;:1025},&quot;thumbs&quot;:{&quot;spaceBetween&quot;:{&quot;mobile&quot;:5,&quot;tablet&quot;:10,&quot;default&quot;:10},&quot;slidesPerView&quot;:{&quot;mobile&quot;:2,&quot;tablet&quot;:3,&quot;default&quot;:3}},&quot;effect&quot;:&quot;slide&quot;,&quot;speed&quot;:500,&quot;spaceBetween&quot;:{&quot;mobile&quot;:1,&quot;tablet&quot;:1,&quot;default&quot;:10},&quot;clickable&quot;:false,&quot;keyboard&quot;:true}\">\n\t\t\t\t\t   \n\t\t\t<div class=\"eae-swiper-container swiper\">\n\t\t\t\t<div class=\"eae-swiper-wrapper swiper-wrapper slider_vertical_wrapper\">\n\t\t\t\t\t\n\n\t\t\t\t\t<div class=\"elementor-repeater-item-b3a4972 eae-swiper-slide swiper-slide\" style=\"background-image : url(https:\/\/tijanibooks.biz\/wp-content\/uploads\/2021\/12\/isra-presentation.jpg);\">\n\t\t\t\t   \n\t\t\t\t\t\t\t\t\t\t\t\t<div class=\"eae-slide-inner\">\t\t\t\t\t\t\t\t\t\t\t\t\t\t<\/div>\t\t\t\t\t\t\t<\/div>\n\t\t\t\t   \n\t\t\t\t\t\n\n\t\t\t\t\t<div class=\"elementor-repeater-item-59d7c8c eae-swiper-slide swiper-slide\" style=\"background-image : url(https:\/\/tijanibooks.biz\/wp-content\/uploads\/2021\/12\/71AmxbrgdrS.jpg);\">\n\t\t\t\t   \n\t\t\t\t\t\t\t\t\t\t\t\t<div class=\"eae-slide-inner\">\t\t\t\t\t\t\t\t\t\t\t\t\t\t<\/div>\t\t\t\t\t\t\t<\/div>\n\t\t\t\t   \n\t\t\t\t\t\n\n\t\t\t\t\t<div class=\"elementor-repeater-item-345456b eae-swiper-slide swiper-slide\" style=\"background-image : url(https:\/\/tijanibooks.biz\/wp-content\/uploads\/2021\/12\/51Q9E54q-QS.jpg);\">\n\t\t\t\t   \n\t\t\t\t\t\t\t\t\t\t\t\t<div class=\"eae-slide-inner\">\t\t\t\t\t\t\t\t\t\t\t\t\t\t<\/div>\t\t\t\t\t\t\t<\/div>\n\t\t\t\t   \n\t\t\t\t\t \n\t\t\t\t<\/div>\n\t\t\t   \n\t\t\t\t\t\t\t\t\t\n\t\t\t<\/div>\t\n\t\t\n\t\t\t<div class=\"eae-thumb-container swiper eae-gallery-thumbs eae-thumb-horizontal-bottom\">\n\t\t\t\t<div class=\"eae-thumb-wrapper swiper-wrapper\">\n\t\t\t\t\t\t\t\t\t\t   \n\t\t\t\t\t\t<div class=\"elementor-repeater-item-b3a4972 eae-thumb-slide swiper-slide\" style=\"background-image : url(https:\/\/tijanibooks.biz\/wp-content\/uploads\/2021\/12\/isra-presentation.jpg);\">\n\t\t\t\t\t\t\t\t<div class='eae-fit-aspect-ratio'><\/div>\n\t\t\t\t\t\t<\/div>\n\t\t\t\t\t\t\t\t\t\t   \n\t\t\t\t\t\t<div class=\"elementor-repeater-item-59d7c8c eae-thumb-slide swiper-slide\" style=\"background-image : url(https:\/\/tijanibooks.biz\/wp-content\/uploads\/2021\/12\/71AmxbrgdrS.jpg);\">\n\t\t\t\t\t\t\t\t<div class='eae-fit-aspect-ratio'><\/div>\n\t\t\t\t\t\t<\/div>\n\t\t\t\t\t\t\t\t\t\t   \n\t\t\t\t\t\t<div class=\"elementor-repeater-item-345456b eae-thumb-slide swiper-slide\" style=\"background-image : url(https:\/\/tijanibooks.biz\/wp-content\/uploads\/2021\/12\/51Q9E54q-QS.jpg);\">\n\t\t\t\t\t\t\t\t<div class='eae-fit-aspect-ratio'><\/div>\n\t\t\t\t\t\t<\/div>\n\t\t\t\t\t \n\t\t\t\t<\/div>\n\n\t\t\t\t\n\t\t\t<\/div>\n\n\t\t\t\t<\/div> \n\t\t\t\t\t\t<\/div>\n\t\t\t\t<\/div>\n\t\t\t\t\t<\/div>\n\t\t<\/div>\n\t\t\t\t<div class=\"has_eae_slider elementor-column elementor-col-50 elementor-top-column elementor-element elementor-element-2e67b455\" data-eae-slider=\"67201\" data-id=\"2e67b455\" data-element_type=\"column\" data-e-type=\"column\">\n\t\t\t<div class=\"elementor-widget-wrap elementor-element-populated\">\n\t\t\t\t\t\t<div class=\"elementor-element elementor-element-61ac5263 elementor-widget elementor-widget-heading\" data-id=\"61ac5263\" data-element_type=\"widget\" data-e-type=\"widget\" data-widget_type=\"heading.default\">\n\t\t\t\t<div class=\"elementor-widget-container\">\n\t\t\t\t\t<h1 class=\"elementor-heading-title elementor-size-default\">Le voyage nocturne et l'ascension<\/h1>\t\t\t\t<\/div>\n\t\t\t\t<\/div>\n\t\t\t\t<div class=\"elementor-element elementor-element-1d077c3e elementor-widget elementor-widget-text-editor\" data-id=\"1d077c3e\" data-element_type=\"widget\" data-e-type=\"widget\" data-widget_type=\"text-editor.default\">\n\t\t\t\t<div class=\"elementor-widget-container\">\n\t\t\t\t\t\t\t\t\t<p>12,13 \u20ac<br \/>Broch\u00e9, 114 pages.<br \/>ISBN 979-1069967106<\/p>\t\t\t\t\t\t\t\t<\/div>\n\t\t\t\t<\/div>\n\t\t\t\t<div class=\"elementor-element elementor-element-74ca963d elementor-widget elementor-widget-toggle\" data-id=\"74ca963d\" data-element_type=\"widget\" data-e-type=\"widget\" data-widget_type=\"toggle.default\">\n\t\t\t\t<div class=\"elementor-widget-container\">\n\t\t\t\t\t\t\t<div class=\"elementor-toggle\">\n\t\t\t\t\t\t\t<div class=\"elementor-toggle-item\">\n\t\t\t\t\t<div id=\"elementor-tab-title-1951\" class=\"elementor-tab-title\" data-tab=\"1\" role=\"button\" aria-controls=\"elementor-tab-content-1951\" aria-expanded=\"false\">\n\t\t\t\t\t\t\t\t\t\t\t\t<span class=\"elementor-toggle-icon elementor-toggle-icon-left\" aria-hidden=\"true\">\n\t\t\t\t\t\t\t\t\t\t\t\t\t\t\t<span class=\"elementor-toggle-icon-closed\"><i class=\"fas fa-chevron-down\"><\/i><\/span>\n\t\t\t\t\t\t\t\t<span class=\"elementor-toggle-icon-opened\"><i class=\"elementor-toggle-icon-opened fas fa-caret-up\"><\/i><\/span>\n\t\t\t\t\t\t\t\t\t\t\t\t\t<\/span>\n\t\t\t\t\t\t\t\t\t\t\t\t<a class=\"elementor-toggle-title\" tabindex=\"0\">\u00e0 propos du livre<\/a>\n\t\t\t\t\t<\/div>\n\n\t\t\t\t\t<div id=\"elementor-tab-content-1951\" class=\"elementor-tab-content elementor-clearfix\" data-tab=\"1\" role=\"region\" aria-labelledby=\"elementor-tab-title-1951\"><p>La nuit du 27 Rajab reste une date phare chez les musulmans, car marquant l\u2019av\u00e8nement du voyage nocturne, un des \u00e9v\u00e8nements les plus prodigieux de l\u2019histoire de l\u2019Islam.<\/p><p>Situ\u00e9 juste avant l\u2019h\u00e9gire et apr\u00e8s l\u2019\u00e9v\u00e8nement douloureux de Ta\u00effa, le voyage nocturne, qui mena le Proph\u00e8te Muhammad \ufdfa de la Mecque \u00e0 J\u00e9rusalem et de J\u00e9rusalem vers les cieux, marquera la fin d\u2019une \u00e9poque ponctu\u00e9e par une r\u00e9silience et une foi extr\u00eame des musulmans \u00e0 la Mecque et ouvrira un nouveau chapitre plus heureux \u00e0 M\u00e9dine.<\/p><p>Dans ce livre, l\u2019auteur \u00e0 travers des traditions proph\u00e9tiques authentiques et des \u00e9crits d\u2019auteurs de renomm\u00e9e, nous invite \u00e0 nous approprier intimement des pr\u00e9ceptes du voyage nocturne qui nous a valu la pri\u00e8re (acte central de l\u2019Islam) et qui rev\u00eat un sens spirituel, profond et subtil. Un ouvrage incontournable pour ceux qui veulent cerner les aspects ext\u00e9rieurs et gnostiques du voyage nocturne effectu\u00e9 physiquement et en \u00e9tat de veille par le Proph\u00e8te de l\u2019Islam.<\/p><p>\u00c9ducateur spirituel hors norme, Mouhamadou Mahy Ciss\u00e9 fait partie des Imams de la grande Mosqu\u00e9e de M\u00e9dina BAYE. Il est le directeur des \u00c9tudes de l\u2019Institut Islamique Africain Am\u00e9ricain (IIAA) et le Pr\u00e9sident de l\u2019ONG Alfityanu Humanitaire International (AHI). Fils de Sidi Ali CISS\u00c9 (1906 - 1982), bras droit et 1er Khalife de Cheikh Al-Islam Ibrahim NIASS et de Seyda Fatima Zahra NIASS (1924 - 2020), fille a\u00een\u00e9e de Cheikh Al-Islam Ibrahim NIASS, Mouhamadou Mahy Ciss\u00e9 est un \u00e9minent enseignant de grande culture qui s\u2019est inscrit de mani\u00e8re magistrale dans le sillage l\u00e9gu\u00e9 par ses illustres pr\u00e9d\u00e9cesseurs (Cheikh Al-Islam Ibrahim NIASS, Sidi Ali Ciss\u00e9, Imam Hassan Ciss\u00e9). Le fil rouge de ses diff\u00e9rentes interventions est en parfaite symbiose avec les enseignements de Cheikh Al-Islam Ibrahim NIASS. Il ne cesse de promouvoir un Islam de paix, de tol\u00e9rance, d\u2019amour, de solidarit\u00e9 et de culte accru du savoir.<\/p><\/div>\n\t\t\t\t<\/div>\n\t\t\t\t\t\t\t\t<\/div>\n\t\t\t\t\t\t<\/div>\n\t\t\t\t<\/div>\n\t\t\t\t<div class=\"elementor-element elementor-element-1576b277 elementor-mobile-align-center elementor-align-left elementor-widget elementor-widget-button\" data-id=\"1576b277\" data-element_type=\"widget\" data-e-type=\"widget\" data-widget_type=\"button.default\">\n\t\t\t\t<div class=\"elementor-widget-container\">\n\t\t\t\t\t\t\t\t\t<div class=\"elementor-button-wrapper\">\n\t\t\t\t\t<a class=\"elementor-button elementor-button-link elementor-size-md elementor-animation-grow\" href=\"https:\/\/www.amazon.fr\/dp\/B093RZGLDX\/\" target=\"_blank\">\n\t\t\t\t\t\t<span class=\"elementor-button-content-wrapper\">\n\t\t\t\t\t\t<span class=\"elementor-button-icon\">\n\t\t\t\t<i aria-hidden=\"true\" class=\"fab fa-amazon\"><\/i>\t\t\t<\/span>\n\t\t\t\t\t\t\t\t\t<span class=\"elementor-button-text\">acheter sur<\/span>\n\t\t\t\t\t<\/span>\n\t\t\t\t\t<\/a>\n\t\t\t\t<\/div>\n\t\t\t\t\t\t\t\t<\/div>\n\t\t\t\t<\/div>\n\t\t\t\t\t<\/div>\n\t\t<\/div>\n\t\t\t\t\t<\/div>\n\t\t<\/section>\n\t\t\t\t<\/div>","protected":false},"excerpt":{"rendered":"<p>Le voyage nocturne et l&#8217;ascension 12,13 \u20acpaperback, 114 pages.ISBN 979-1069967106 about the book The night of 27 Rajab remains a landmark date among Muslims, as it marks the advent of the night journey, one of the most prodigious events in Islamic history. Set just before the Hijra and after the painful event of Taifa, the&hellip;&nbsp;<a href=\"https:\/\/tijanibooks.biz\/fr\/voyage-nocturne\/\" rel=\"bookmark\">Lire la suite &raquo;<span class=\"screen-reader-text\">voyage-nocturne<\/span><\/a><\/p>","protected":false},"author":1,"featured_media":0,"parent":0,"menu_order":0,"comment_status":"closed","ping_status":"closed","template":"","meta":{"neve_meta_sidebar":"full-width","neve_meta_container":"full-width","neve_meta_enable_content_width":"off","neve_meta_content_width":70,"neve_meta_title_alignment":"","neve_meta_author_avatar":"","neve_post_elements_order":"","neve_meta_disable_header":"off","neve_meta_disable_footer":"on","neve_meta_disable_title":"on","footnotes":""},"class_list":["post-459","page","type-page","status-publish","hentry"],"jetpack_sharing_enabled":true,"_links":{"self":[{"href":"https:\/\/tijanibooks.biz\/fr\/wp-json\/wp\/v2\/pages\/459","targetHints":{"allow":["GET"]}}],"collection":[{"href":"https:\/\/tijanibooks.biz\/fr\/wp-json\/wp\/v2\/pages"}],"about":[{"href":"https:\/\/tijanibooks.biz\/fr\/wp-json\/wp\/v2\/types\/page"}],"author":[{"embeddable":true,"href":"https:\/\/tijanibooks.biz\/fr\/wp-json\/wp\/v2\/users\/1"}],"replies":[{"embeddable":true,"href":"https:\/\/tijanibooks.biz\/fr\/wp-json\/wp\/v2\/comments?post=459"}],"version-history":[{"count":10,"href":"https:\/\/tijanibooks.biz\/fr\/wp-json\/wp\/v2\/pages\/459\/revisions"}],"predecessor-version":[{"id":774,"href":"https:\/\/tijanibooks.biz\/fr\/wp-json\/wp\/v2\/pages\/459\/revisions\/774"}],"wp:attachment":[{"href":"https:\/\/tijanibooks.biz\/fr\/wp-json\/wp\/v2\/media?parent=459"}],"curies":[{"name":"wp","href":"https:\/\/api.w.org\/{rel}","templated":true}]}}