{"id":608,"date":"2021-12-18T11:21:52","date_gmt":"2021-12-18T10:21:52","guid":{"rendered":"https:\/\/tijanibooks.biz\/?page_id=608"},"modified":"2022-02-22T22:01:48","modified_gmt":"2022-02-22T21:01:48","slug":"about","status":"publish","type":"page","link":"https:\/\/tijanibooks.biz\/fr\/about\/","title":{"rendered":"a propos"},"content":{"rendered":"<div data-elementor-type=\"wp-page\" data-elementor-id=\"608\" class=\"elementor elementor-608\">\n\t\t\t\t\t\t<section class=\"has_eae_slider elementor-section elementor-top-section elementor-element elementor-element-mxve0n6 elementor-section-content-middle elementor-section-full_width elementor-section-height-default elementor-section-height-default\" data-eae-slider=\"28674\" data-id=\"mxve0n6\" data-element_type=\"section\" data-e-type=\"section\">\n\t\t\t\t\t\t\t<div class=\"elementor-background-overlay\"><\/div>\n\t\t\t\t\t\t\t<div class=\"elementor-container elementor-column-gap-no\">\n\t\t\t\t\t<div class=\"has_eae_slider elementor-column elementor-col-100 elementor-top-column elementor-element elementor-element-546b9f5\" data-eae-slider=\"24818\" data-id=\"546b9f5\" data-element_type=\"column\" data-e-type=\"column\">\n\t\t\t<div class=\"elementor-widget-wrap elementor-element-populated\">\n\t\t\t\t\t\t<div class=\"elementor-element elementor-element-b89cf04 elementor-widget elementor-widget-image\" data-id=\"b89cf04\" data-element_type=\"widget\" data-e-type=\"widget\" data-widget_type=\"image.default\">\n\t\t\t\t<div class=\"elementor-widget-container\">\n\t\t\t\t\t\t\t\t\t\t\t\t\t\t\t<img fetchpriority=\"high\" decoding=\"async\" width=\"3543\" height=\"1772\" src=\"https:\/\/tijanibooks.biz\/wp-content\/uploads\/2021\/12\/les-conditions-banner.jpg\" class=\"attachment-full size-full wp-image-620\" alt=\"\" srcset=\"https:\/\/tijanibooks.biz\/wp-content\/uploads\/2021\/12\/les-conditions-banner.jpg 3543w, https:\/\/tijanibooks.biz\/wp-content\/uploads\/2021\/12\/les-conditions-banner-300x150.jpg 300w, https:\/\/tijanibooks.biz\/wp-content\/uploads\/2021\/12\/les-conditions-banner-1024x512.jpg 1024w, https:\/\/tijanibooks.biz\/wp-content\/uploads\/2021\/12\/les-conditions-banner-768x384.jpg 768w, https:\/\/tijanibooks.biz\/wp-content\/uploads\/2021\/12\/les-conditions-banner-1536x768.jpg 1536w, https:\/\/tijanibooks.biz\/wp-content\/uploads\/2021\/12\/les-conditions-banner-2048x1024.jpg 2048w, https:\/\/tijanibooks.biz\/wp-content\/uploads\/2021\/12\/les-conditions-banner-18x9.jpg 18w\" sizes=\"(max-width: 3543px) 100vw, 3543px\" \/>\t\t\t\t\t\t\t\t\t\t\t\t\t\t\t<\/div>\n\t\t\t\t<\/div>\n\t\t\t\t\t<\/div>\n\t\t<\/div>\n\t\t\t\t\t<\/div>\n\t\t<\/section>\n\t\t\t\t<section class=\"has_eae_slider elementor-section elementor-top-section elementor-element elementor-element-d404171 elementor-section-boxed elementor-section-height-default elementor-section-height-default\" data-eae-slider=\"20664\" data-id=\"d404171\" data-element_type=\"section\" data-e-type=\"section\">\n\t\t\t\t\t\t<div class=\"elementor-container elementor-column-gap-default\">\n\t\t\t\t\t<div class=\"has_eae_slider elementor-column elementor-col-100 elementor-top-column elementor-element elementor-element-d55408f\" data-eae-slider=\"66345\" data-id=\"d55408f\" data-element_type=\"column\" data-e-type=\"column\">\n\t\t\t<div class=\"elementor-widget-wrap elementor-element-populated\">\n\t\t\t\t\t\t<div class=\"elementor-element elementor-element-65b1d16 elementor-widget elementor-widget-heading\" data-id=\"65b1d16\" data-element_type=\"widget\" data-e-type=\"widget\" data-widget_type=\"heading.default\">\n\t\t\t\t<div class=\"elementor-widget-container\">\n\t\t\t\t\t<h1 class=\"elementor-heading-title elementor-size-default\">\u00c0 propos du Cheminement<\/h1>\t\t\t\t<\/div>\n\t\t\t\t<\/div>\n\t\t\t\t<div class=\"elementor-element elementor-element-d938c88 elementor-widget elementor-widget-text-editor\" data-id=\"d938c88\" data-element_type=\"widget\" data-e-type=\"widget\" data-widget_type=\"text-editor.default\">\n\t\t\t\t<div class=\"elementor-widget-container\">\n\t\t\t\t\t\t\t\t\t<p><em>Les Conditions et les Oraisons de la Tijaniya<\/em> est le premier livre de Mathias Eichhorn \u00e0 propos de son cheminement dans la voie spirituelle et le d\u00e9veloppement de la connaissance. Il invite les \u00e9tudiants de la voie spirituelle \u00e0 s'embarquer avec lui dans leur voyage vers la connaissance du divin avec les mains vides, uniquement leur potentiel spirituel, et l'amour pour Allah et pour son Messager. Au cours de ce voyage, vous acquerrez la connaissance de la pratique spirituelle et d\u00e9velopperiez votre amour pour la perfection divine.<\/p><p><em>\u00c0 travers les principes et les pratiques du Soufisme, ous apprendrez comment d\u00e9velopper votre potentiel spirituel et d\u00e9voiler la perfection personnelle.<\/em>. Vous d\u00e9velopperez la connaissance des pratiques spirituelles \u2013 profond\u00e9ment ancr\u00e9es dans la vaste tradition islamique \u2013 n\u00e9cessaires pour mieux conna\u00eetre cette voix au point de ne plus en douter, voire la critiquer.<\/p><p><em>Faisons de ce livre votre boussole et votre manuel pour vous aider \u00e0 raviver votre foi, \u00e0 surmonter vos doutes et \u00e0 approfondir votre lien avec Allah.<\/em>\u00a0 Le voyage \u00e9clairera les principes de la spiritualit\u00e9 islamique, mais inspire l\u2019\u00e2me vers une intimit\u00e9 plus profonde avec Allah.<\/p>\t\t\t\t\t\t\t\t<\/div>\n\t\t\t\t<\/div>\n\t\t\t\t\t<\/div>\n\t\t<\/div>\n\t\t\t\t\t<\/div>\n\t\t<\/section>\n\t\t\t\t<section class=\"has_eae_slider elementor-section elementor-top-section elementor-element elementor-element-b7d82bc elementor-section-boxed elementor-section-height-default elementor-section-height-default\" data-eae-slider=\"45511\" data-id=\"b7d82bc\" data-element_type=\"section\" data-e-type=\"section\">\n\t\t\t\t\t\t<div class=\"elementor-container elementor-column-gap-default\">\n\t\t\t\t\t<div class=\"has_eae_slider elementor-column elementor-col-100 elementor-top-column elementor-element elementor-element-4aa4a78\" data-eae-slider=\"26888\" data-id=\"4aa4a78\" data-element_type=\"column\" data-e-type=\"column\">\n\t\t\t<div class=\"elementor-widget-wrap elementor-element-populated\">\n\t\t\t\t\t\t<div class=\"elementor-element elementor-element-3e9d5f7 elementor-widget elementor-widget-heading\" data-id=\"3e9d5f7\" data-element_type=\"widget\" data-e-type=\"widget\" data-widget_type=\"heading.default\">\n\t\t\t\t<div class=\"elementor-widget-container\">\n\t\t\t\t\t<h1 class=\"elementor-heading-title elementor-size-default\">Contenu du Livre<\/h1>\t\t\t\t<\/div>\n\t\t\t\t<\/div>\n\t\t\t\t<div class=\"elementor-element elementor-element-4439b86 image-position-column elementor-widget elementor-widget-eae-timeline\" data-id=\"4439b86\" data-element_type=\"widget\" data-e-type=\"widget\" data-widget_type=\"eae-timeline.skin2\">\n\t\t\t\t<div class=\"elementor-widget-container\">\n\t\t\t\t\t\t\t<section data-layout=\"center\" data-top-offset=\"200\" class=\"eae-layout-center eae-timeline eae-timeline-alternate- eae-tl-center eae-tl-res-style-mobile eae-tl-res-layout-left\">\n\t\t\t<div class=\"eae-timline-progress-bar\">\n\t\t\t\t<div class='eae-pb-inner-line'><\/div>\n\t\t\t<\/div>\n\n\t\t\t\n\t\t\t\t\t\t\t\t\n\t\t\t\t\t\t<div id=\"19ac2b7\" class=\"eae-timeline-item elementor-repeater-item-19ac2b7 custom-image-style- image-position-\">\n\n\t\t\t\t<div class=\"eae-tl-item-meta-wrapper\">\n\t\t\t\t\t\t\t\t\t\t\t<div class=\"eae-tl-item-meta\">\n\t\t\t\t\t\t\tChapitre 1\t\t\t\t\t\t<\/div>\n\t\t\t\t\t\t\n\t\t\t\t<\/div>\n\n\t\t\t\t<div class=\"eae-tl-icon-wrapper\" id=\"19ac2b7\">\n\t\t\t\t\t\t\t\t<div class=\"eae-icon eae-icon-item_icon eae-icon-view-framed eae-icon-shape-circle eae-icon-type-image\">\n\t\t\t\t<div class=\"eae-icon-wrap\">\n\t\t\t\t\t<i><img decoding=\"async\" src=\"https:\/\/tijanibooks.biz\/wp-content\/uploads\/2021\/12\/dlkhadjflkjd-1-100x100-1.png\" \/><\/i>\t\t\t\t<\/div>\n\t\t\t<\/div>\n\t\t\t\t\t\t\t<\/div>\n\t\t\t\t<div class=\"eae-tl-content-wrapper\">\n\t\t\t\t\t\t\t\t\t\t\t\t<div class=\"eae-tl-item-content\">\n\t\t\t\t\t\t\t<div class='eae-tl-item-image'><img decoding=\"async\" width=\"150\" height=\"150\" src=\"https:\/\/tijanibooks.biz\/wp-content\/uploads\/2021\/12\/dlkhadjflkjd-150x150-1-150x150.png\" class=\"attachment-thumbnail size-thumbnail wp-image-636\" alt=\"\" srcset=\"https:\/\/tijanibooks.biz\/wp-content\/uploads\/2021\/12\/dlkhadjflkjd-150x150-1.png 150w, https:\/\/tijanibooks.biz\/wp-content\/uploads\/2021\/12\/dlkhadjflkjd-150x150-1-12x12.png 12w\" sizes=\"(max-width: 150px) 100vw, 150px\" \/><\/div>\t\t\t\t\t\t\t<div class=\"eae-tl-content\">\n\t\t\t\t\t\t\t\t<div class=\"eae-content-inner\">\n\t\t\t\t\t\t\t\t\t<div class=\"eae-tl-item-meta-wrapper-inner\">\n\t\t\t\t\t\t\t\t\t\t\t\t\t\t\t\t\t\t\t\t\t<div class=\"eae-tl-item-meta-inner\">\n\t\t\t\t\t\t\t\t\t\t\t\tChapitre 1\t\t\t\t\t\t\t\t\t\t\t<\/div>\n\t\t\t\t\t\t\t\t\t\t\t\t\t\t\t\t\t\t\t\t<\/div>\n\t\t\t\t\t\t\t\t\t<h3 class=\"eae-tl-item-title\">La dimension de la conduite morale<\/h3><div class=\"eae-tl-content-innner\"><p>Ce chapitre d\u00e9crit bri\u00e8vement la sunna d\u2019Allah, la nature dont l\u2019homme est cr\u00e9\u00e9 et la fa\u00e7on dont Allah \u00e9l\u00e8ve l\u2019homme constamment et graduellement vers le savoir par les moyens de l\u2019apprentissage tout au long de sa vie.<\/p><\/div>\t\t\t\t\t\t\t\t<\/div>\n\t\t\t\t\t\t\t<\/div>\n\t\t\t\t\t\t\t\t\t\t\t\t\t<\/div>\n\t\t\t\t\t\t\t\t\t\t<\/div>\n\n\t\t\t<\/div>\n\t\t\t\t\t\t\t\t\n\t\t\t\t\t\t<div id=\"6341108\" class=\"eae-timeline-item elementor-repeater-item-6341108 custom-image-style- image-position-\">\n\n\t\t\t\t<div class=\"eae-tl-item-meta-wrapper\">\n\t\t\t\t\t\t\t\t\t\t\t<div class=\"eae-tl-item-meta\">\n\t\t\t\t\t\t\tChapitre 2\t\t\t\t\t\t<\/div>\n\t\t\t\t\t\t\n\t\t\t\t<\/div>\n\n\t\t\t\t<div class=\"eae-tl-icon-wrapper\" id=\"6341108\">\n\t\t\t\t\t\t\t\t<div class=\"eae-icon eae-icon-item_icon eae-icon-view-framed eae-icon-shape-circle eae-icon-type-image\">\n\t\t\t\t<div class=\"eae-icon-wrap\">\n\t\t\t\t\t<i><img decoding=\"async\" src=\"https:\/\/tijanibooks.biz\/wp-content\/uploads\/2021\/12\/jhalhdfadlafhj-e1618590565283-100x100-1.png\" \/><\/i>\t\t\t\t<\/div>\n\t\t\t<\/div>\n\t\t\t\t\t\t\t<\/div>\n\t\t\t\t<div class=\"eae-tl-content-wrapper\">\n\t\t\t\t\t\t\t\t\t\t\t\t<div class=\"eae-tl-item-content\">\n\t\t\t\t\t\t\t<div class='eae-tl-item-image'><img decoding=\"async\" width=\"150\" height=\"150\" src=\"https:\/\/tijanibooks.biz\/wp-content\/uploads\/2021\/12\/jhalhdfadlafhj-1-150x150-1-150x150.png\" class=\"attachment-thumbnail size-thumbnail wp-image-690\" alt=\"\" srcset=\"https:\/\/tijanibooks.biz\/wp-content\/uploads\/2021\/12\/jhalhdfadlafhj-1-150x150-1.png 150w, https:\/\/tijanibooks.biz\/wp-content\/uploads\/2021\/12\/jhalhdfadlafhj-1-150x150-1-12x12.png 12w\" sizes=\"(max-width: 150px) 100vw, 150px\" \/><\/div>\t\t\t\t\t\t\t<div class=\"eae-tl-content\">\n\t\t\t\t\t\t\t\t<div class=\"eae-content-inner\">\n\t\t\t\t\t\t\t\t\t<div class=\"eae-tl-item-meta-wrapper-inner\">\n\t\t\t\t\t\t\t\t\t\t\t\t\t\t\t\t\t\t\t\t\t<div class=\"eae-tl-item-meta-inner\">\n\t\t\t\t\t\t\t\t\t\t\t\tChapitre 2\t\t\t\t\t\t\t\t\t\t\t<\/div>\n\t\t\t\t\t\t\t\t\t\t\t\t\t\t\t\t\t\t\t\t<\/div>\n\t\t\t\t\t\t\t\t\t<h3 class=\"eae-tl-item-title\">La Tijaniya, la voie bas\u00e9e sur le Coran et la Sunna<\/h3><div class=\"eae-tl-content-innner\"><p>Ce chapitre pr\u00e9sente la voie <em>Tijaniya<\/em>, et les arguments que certains de ses ma\u00eetres ont avanc\u00e9s en sa d\u00e9fense, \u00e0 partir de la <em>sunna.<\/em>.<\/p><\/div>\t\t\t\t\t\t\t\t<\/div>\n\t\t\t\t\t\t\t<\/div>\n\t\t\t\t\t\t\t\t\t\t\t\t\t<\/div>\n\t\t\t\t\t\t\t\t\t\t<\/div>\n\n\t\t\t<\/div>\n\t\t\t\t\t\t\t\t\n\t\t\t\t\t\t<div id=\"7727875\" class=\"eae-timeline-item elementor-repeater-item-7727875 custom-image-style-no image-position-\">\n\n\t\t\t\t<div class=\"eae-tl-item-meta-wrapper\">\n\t\t\t\t\t\t\t\t\t\t\t<div class=\"eae-tl-item-meta\">\n\t\t\t\t\t\t\tChapitre 3\t\t\t\t\t\t<\/div>\n\t\t\t\t\t\t\n\t\t\t\t<\/div>\n\n\t\t\t\t<div class=\"eae-tl-icon-wrapper\" id=\"7727875\">\n\t\t\t\t\t\t\t\t<div class=\"eae-icon eae-icon-item_icon eae-icon-view-framed eae-icon-shape-circle eae-icon-type-image\">\n\t\t\t\t<div class=\"eae-icon-wrap\">\n\t\t\t\t\t<i><img decoding=\"async\" src=\"https:\/\/tijanibooks.biz\/wp-content\/uploads\/2021\/12\/hjflkahdjldafjldshafl-1-100x100-1.png\" \/><\/i>\t\t\t\t<\/div>\n\t\t\t<\/div>\n\t\t\t\t\t\t\t<\/div>\n\t\t\t\t<div class=\"eae-tl-content-wrapper\">\n\t\t\t\t\t\t\t\t\t\t\t\t<div class=\"eae-tl-item-content\">\n\t\t\t\t\t\t\t<div class='eae-tl-item-image'><img loading=\"lazy\" decoding=\"async\" width=\"150\" height=\"150\" src=\"https:\/\/tijanibooks.biz\/wp-content\/uploads\/2021\/12\/hjflkahdjldafjldshafl-1-150x150-1.png\" class=\"attachment-medium_large size-medium_large wp-image-675\" alt=\"\" srcset=\"https:\/\/tijanibooks.biz\/wp-content\/uploads\/2021\/12\/hjflkahdjldafjldshafl-1-150x150-1.png 150w, https:\/\/tijanibooks.biz\/wp-content\/uploads\/2021\/12\/hjflkahdjldafjldshafl-1-150x150-1-12x12.png 12w\" sizes=\"(max-width: 150px) 100vw, 150px\" \/><\/div>\t\t\t\t\t\t\t<div class=\"eae-tl-content\">\n\t\t\t\t\t\t\t\t<div class=\"eae-content-inner\">\n\t\t\t\t\t\t\t\t\t<div class=\"eae-tl-item-meta-wrapper-inner\">\n\t\t\t\t\t\t\t\t\t\t\t\t\t\t\t\t\t\t\t\t\t<div class=\"eae-tl-item-meta-inner\">\n\t\t\t\t\t\t\t\t\t\t\t\tChapitre 3\t\t\t\t\t\t\t\t\t\t\t<\/div>\n\t\t\t\t\t\t\t\t\t\t\t\t\t\t\t\t\t\t\t\t<\/div>\n\t\t\t\t\t\t\t\t\t<h3 class=\"eae-tl-item-title\">Les conditions d\u2019adh\u00e9sion<\/h3><div class=\"eae-tl-content-innner\"><p>Ce chapitre pr\u00e9sente une lettre du ma\u00eetre <em>Ahmad Al-Tijani<\/em>, qu\u2019Allah l\u2019agr\u00e9e, qui parle des r\u00e8gles fondamentales et n\u00e9cessaires pour la validation de l\u2019affiliation \u00e0 la voie <em>Tijaniya<\/em>.<\/p><\/div>\t\t\t\t\t\t\t\t<\/div>\n\t\t\t\t\t\t\t<\/div>\n\t\t\t\t\t\t\t\t\t\t\t\t\t<\/div>\n\t\t\t\t\t\t\t\t\t\t<\/div>\n\n\t\t\t<\/div>\n\t\t\t\t\t\t\t\t\n\t\t\t\t\t\t<div id=\"0839a0e\" class=\"eae-timeline-item elementor-repeater-item-0839a0e custom-image-style-no image-position-\">\n\n\t\t\t\t<div class=\"eae-tl-item-meta-wrapper\">\n\t\t\t\t\t\t\t\t\t\t\t<div class=\"eae-tl-item-meta\">\n\t\t\t\t\t\t\tChapitre 4\t\t\t\t\t\t<\/div>\n\t\t\t\t\t\t\n\t\t\t\t<\/div>\n\n\t\t\t\t<div class=\"eae-tl-icon-wrapper\" id=\"0839a0e\">\n\t\t\t\t\t\t\t\t<div class=\"eae-icon eae-icon-item_icon eae-icon-view-framed eae-icon-shape-circle eae-icon-type-image\">\n\t\t\t\t<div class=\"eae-icon-wrap\">\n\t\t\t\t\t<i><img decoding=\"async\" src=\"https:\/\/tijanibooks.biz\/wp-content\/uploads\/2021\/12\/ruiereipriruoruew-e1618590540605-100x100-1.png\" \/><\/i>\t\t\t\t<\/div>\n\t\t\t<\/div>\n\t\t\t\t\t\t\t<\/div>\n\t\t\t\t<div class=\"eae-tl-content-wrapper\">\n\t\t\t\t\t\t\t\t\t\t\t\t<div class=\"eae-tl-item-content\">\n\t\t\t\t\t\t\t<div class='eae-tl-item-image'><img loading=\"lazy\" decoding=\"async\" width=\"150\" height=\"150\" src=\"https:\/\/tijanibooks.biz\/wp-content\/uploads\/2021\/12\/ruiereipriruoruew-150x150-1-150x150.png\" class=\"attachment-thumbnail size-thumbnail wp-image-725\" alt=\"\" srcset=\"https:\/\/tijanibooks.biz\/wp-content\/uploads\/2021\/12\/ruiereipriruoruew-150x150-1.png 150w, https:\/\/tijanibooks.biz\/wp-content\/uploads\/2021\/12\/ruiereipriruoruew-150x150-1-12x12.png 12w\" sizes=\"(max-width: 150px) 100vw, 150px\" \/><\/div>\t\t\t\t\t\t\t<div class=\"eae-tl-content\">\n\t\t\t\t\t\t\t\t<div class=\"eae-content-inner\">\n\t\t\t\t\t\t\t\t\t<div class=\"eae-tl-item-meta-wrapper-inner\">\n\t\t\t\t\t\t\t\t\t\t\t\t\t\t\t\t\t\t\t\t\t<div class=\"eae-tl-item-meta-inner\">\n\t\t\t\t\t\t\t\t\t\t\t\tChapitre 4\t\t\t\t\t\t\t\t\t\t\t<\/div>\n\t\t\t\t\t\t\t\t\t\t\t\t\t\t\t\t\t\t\t\t<\/div>\n\t\t\t\t\t\t\t\t\t<h3 class=\"eae-tl-item-title\">Les conditions de la Tijaniya \u00e9voqu\u00e9es dans le Rimah<\/h3><div class=\"eae-tl-content-innner\"><p>Ce chapitre pr\u00e9sente l\u2019int\u00e9gralit\u00e9 des conditions d\u2019une mani\u00e8re tr\u00e8s d\u00e9taill\u00e9e, \u00e0 travers le trente-deuxi\u00e8me chapitre du <em>Rimah<\/em> du ma\u00eetre <em>al-Hadj Omar Ibn Said al-Futi Tall<\/em>, qu\u2019Allah l\u2019agr\u00e9e. Ce chapitre inclut les conditions directes et d\u00e9riv\u00e9es, de m\u00eame que la pr\u00e9sentation des justifications approfondies provenant des sources des \u0153uvres de la tradition litt\u00e9raire Islamique.<\/p><\/div>\t\t\t\t\t\t\t\t<\/div>\n\t\t\t\t\t\t\t<\/div>\n\t\t\t\t\t\t\t\t\t\t\t\t\t<\/div>\n\t\t\t\t\t\t\t\t\t\t<\/div>\n\n\t\t\t<\/div>\n\t\t\t\t\t\t\t\t\n\t\t\t\t\t\t<div id=\"0057364\" class=\"eae-timeline-item elementor-repeater-item-0057364 custom-image-style-no image-position-\">\n\n\t\t\t\t<div class=\"eae-tl-item-meta-wrapper\">\n\t\t\t\t\t\t\t\t\t\t\t<div class=\"eae-tl-item-meta\">\n\t\t\t\t\t\t\tChapitre 5\t\t\t\t\t\t<\/div>\n\t\t\t\t\t\t\n\t\t\t\t<\/div>\n\n\t\t\t\t<div class=\"eae-tl-icon-wrapper\" id=\"0057364\">\n\t\t\t\t\t\t\t\t<div class=\"eae-icon eae-icon-item_icon eae-icon-view-framed eae-icon-shape-circle eae-icon-type-image\">\n\t\t\t\t<div class=\"eae-icon-wrap\">\n\t\t\t\t\t<i><img decoding=\"async\" src=\"https:\/\/tijanibooks.biz\/wp-content\/uploads\/2021\/12\/cropped-hajlhdfajlkds-1-e1618590596986-100x100-1.png\" \/><\/i>\t\t\t\t<\/div>\n\t\t\t<\/div>\n\t\t\t\t\t\t\t<\/div>\n\t\t\t\t<div class=\"eae-tl-content-wrapper\">\n\t\t\t\t\t\t\t\t\t\t\t\t<div class=\"eae-tl-item-content\">\n\t\t\t\t\t\t\t<div class='eae-tl-item-image'><img loading=\"lazy\" decoding=\"async\" width=\"150\" height=\"150\" src=\"https:\/\/tijanibooks.biz\/wp-content\/uploads\/2021\/12\/cropped-hajlhdfajlkds-1-e1618590596986-150x150-1-150x150.png\" class=\"attachment-thumbnail size-thumbnail wp-image-738\" alt=\"\" srcset=\"https:\/\/tijanibooks.biz\/wp-content\/uploads\/2021\/12\/cropped-hajlhdfajlkds-1-e1618590596986-150x150-1.png 150w, https:\/\/tijanibooks.biz\/wp-content\/uploads\/2021\/12\/cropped-hajlhdfajlkds-1-e1618590596986-150x150-1-12x12.png 12w\" sizes=\"(max-width: 150px) 100vw, 150px\" \/><\/div>\t\t\t\t\t\t\t<div class=\"eae-tl-content\">\n\t\t\t\t\t\t\t\t<div class=\"eae-content-inner\">\n\t\t\t\t\t\t\t\t\t<div class=\"eae-tl-item-meta-wrapper-inner\">\n\t\t\t\t\t\t\t\t\t\t\t\t\t\t\t\t\t\t\t\t\t<div class=\"eae-tl-item-meta-inner\">\n\t\t\t\t\t\t\t\t\t\t\t\tChapitre 5\t\t\t\t\t\t\t\t\t\t\t<\/div>\n\t\t\t\t\t\t\t\t\t\t\t\t\t\t\t\t\t\t\t\t<\/div>\n\t\t\t\t\t\t\t\t\t<h3 class=\"eae-tl-item-title\">R\u00e9sum\u00e9 du comportement id\u00e9al du disciple et ses bienfaits<\/h3><div class=\"eae-tl-content-innner\"><p>Ce chapitre pr\u00e9sente un r\u00e9sum\u00e9 du comportement id\u00e9al du <em>disciple<\/em> et de ses bienfaits sous forme de traduction d\u2019une lettre \u00e9crite par le ma\u00eetre <em>Ali Ciss\u00e9<\/em> sous l\u2019ordre du ma\u00eetre <em>Ibrahim Ibn Abdallah Niass<\/em>, qu\u2019Allah les agr\u00e9e.<\/p><\/div>\t\t\t\t\t\t\t\t<\/div>\n\t\t\t\t\t\t\t<\/div>\n\t\t\t\t\t\t\t\t\t\t\t\t\t<\/div>\n\t\t\t\t\t\t\t\t\t\t<\/div>\n\n\t\t\t<\/div>\n\t\t\t\t\t\t\t\t\n\t\t\t\t\t\t<div id=\"4a3424b\" class=\"eae-timeline-item elementor-repeater-item-4a3424b custom-image-style-no image-position-\">\n\n\t\t\t\t<div class=\"eae-tl-item-meta-wrapper\">\n\t\t\t\t\t\t\t\t\t\t\t<div class=\"eae-tl-item-meta\">\n\t\t\t\t\t\t\tChapitre 6\t\t\t\t\t\t<\/div>\n\t\t\t\t\t\t\n\t\t\t\t<\/div>\n\n\t\t\t\t<div class=\"eae-tl-icon-wrapper\" id=\"4a3424b\">\n\t\t\t\t\t\t\t\t<div class=\"eae-icon eae-icon-item_icon eae-icon-view-framed eae-icon-shape-circle eae-icon-type-image\">\n\t\t\t\t<div class=\"eae-icon-wrap\">\n\t\t\t\t\t<i><img decoding=\"async\" src=\"https:\/\/tijanibooks.biz\/wp-content\/uploads\/2021\/12\/eiqorueiqowueripoe-1-100x100-1.png\" \/><\/i>\t\t\t\t<\/div>\n\t\t\t<\/div>\n\t\t\t\t\t\t\t<\/div>\n\t\t\t\t<div class=\"eae-tl-content-wrapper\">\n\t\t\t\t\t\t\t\t\t\t\t\t<div class=\"eae-tl-item-content\">\n\t\t\t\t\t\t\t<div class='eae-tl-item-image'><img loading=\"lazy\" decoding=\"async\" width=\"150\" height=\"150\" src=\"https:\/\/tijanibooks.biz\/wp-content\/uploads\/2021\/12\/eiqorueiqowueripoe-1-150x150-1-150x150.png\" class=\"attachment-thumbnail size-thumbnail wp-image-648\" alt=\"\" srcset=\"https:\/\/tijanibooks.biz\/wp-content\/uploads\/2021\/12\/eiqorueiqowueripoe-1-150x150-1.png 150w, https:\/\/tijanibooks.biz\/wp-content\/uploads\/2021\/12\/eiqorueiqowueripoe-1-150x150-1-12x12.png 12w\" sizes=\"(max-width: 150px) 100vw, 150px\" \/><\/div>\t\t\t\t\t\t\t<div class=\"eae-tl-content\">\n\t\t\t\t\t\t\t\t<div class=\"eae-content-inner\">\n\t\t\t\t\t\t\t\t\t<div class=\"eae-tl-item-meta-wrapper-inner\">\n\t\t\t\t\t\t\t\t\t\t\t\t\t\t\t\t\t\t\t\t\t<div class=\"eae-tl-item-meta-inner\">\n\t\t\t\t\t\t\t\t\t\t\t\tChapitre 6\t\t\t\t\t\t\t\t\t\t\t<\/div>\n\t\t\t\t\t\t\t\t\t\t\t\t\t\t\t\t\t\t\t\t<\/div>\n\t\t\t\t\t\t\t\t\t<h3 class=\"eae-tl-item-title\">Les oraisons de la Tijaniya dans le Kashf al-Ilbas<\/h3><div class=\"eae-tl-content-innner\"><p>Ce chapitre pr\u00e9sente les vertus des oraisons de la <em>Tijaniya<\/em> , sous forme de traduction de l\u2019annexe II du livre <em>Kashf al-Ilbas<\/em> du ma\u00eetre <em>Ibrahim Ibn Abdallah Niass<\/em>, qu\u2019Allah l\u2019agr\u00e9e.<\/p><\/div>\t\t\t\t\t\t\t\t<\/div>\n\t\t\t\t\t\t\t<\/div>\n\t\t\t\t\t\t\t\t\t\t\t\t\t<\/div>\n\t\t\t\t\t\t\t\t\t\t<\/div>\n\n\t\t\t<\/div>\n\t\t\t\t\t\t\t\t\n\t\t\t\t\t\t<div id=\"111a65f\" class=\"eae-timeline-item elementor-repeater-item-111a65f custom-image-style-no image-position-\">\n\n\t\t\t\t<div class=\"eae-tl-item-meta-wrapper\">\n\t\t\t\t\t\t\t\t\t\t\t<div class=\"eae-tl-item-meta\">\n\t\t\t\t\t\t\tAnnexe\t\t\t\t\t\t<\/div>\n\t\t\t\t\t\t\n\t\t\t\t<\/div>\n\n\t\t\t\t<div class=\"eae-tl-icon-wrapper\" id=\"111a65f\">\n\t\t\t\t\t\t\t\t<div class=\"eae-icon eae-icon-item_icon eae-icon-view-framed eae-icon-shape-circle eae-icon-type-image\">\n\t\t\t\t<div class=\"eae-icon-wrap\">\n\t\t\t\t\t<i><img decoding=\"async\" src=\"https:\/\/tijanibooks.biz\/wp-content\/uploads\/2021\/12\/logo-100x100-1.png\" \/><\/i>\t\t\t\t<\/div>\n\t\t\t<\/div>\n\t\t\t\t\t\t\t<\/div>\n\t\t\t\t<div class=\"eae-tl-content-wrapper\">\n\t\t\t\t\t\t\t\t\t\t\t\t<div class=\"eae-tl-item-content\">\n\t\t\t\t\t\t\t<div class='eae-tl-item-image'><img loading=\"lazy\" decoding=\"async\" width=\"150\" height=\"150\" src=\"https:\/\/tijanibooks.biz\/wp-content\/uploads\/2021\/12\/logo-150x150-1-150x150.png\" class=\"attachment-thumbnail size-thumbnail wp-image-711\" alt=\"\" srcset=\"https:\/\/tijanibooks.biz\/wp-content\/uploads\/2021\/12\/logo-150x150-1.png 150w, https:\/\/tijanibooks.biz\/wp-content\/uploads\/2021\/12\/logo-150x150-1-12x12.png 12w\" sizes=\"(max-width: 150px) 100vw, 150px\" \/><\/div>\t\t\t\t\t\t\t<div class=\"eae-tl-content\">\n\t\t\t\t\t\t\t\t<div class=\"eae-content-inner\">\n\t\t\t\t\t\t\t\t\t<div class=\"eae-tl-item-meta-wrapper-inner\">\n\t\t\t\t\t\t\t\t\t\t\t\t\t\t\t\t\t\t\t\t\t<div class=\"eae-tl-item-meta-inner\">\n\t\t\t\t\t\t\t\t\t\t\t\tAnnexe\t\t\t\t\t\t\t\t\t\t\t<\/div>\n\t\t\t\t\t\t\t\t\t\t\t\t\t\t\t\t\t\t\t\t<\/div>\n\t\t\t\t\t\t\t\t\t<h3 class=\"eae-tl-item-title\">Les Oraisons de la Tijaniya<\/h3><div class=\"eae-tl-content-innner\"><p>La <em>Annexe<\/em> comprend les <em>Oraisons obligatoires de la Tijaniya<\/em> et des invocations.<\/p><\/div>\t\t\t\t\t\t\t\t<\/div>\n\t\t\t\t\t\t\t<\/div>\n\t\t\t\t\t\t\t\t\t\t\t\t\t<\/div>\n\t\t\t\t\t\t\t\t\t\t<\/div>\n\n\t\t\t<\/div>\n\t\t\t\t\t\t<\/section>\n\n\t\t\t\t\t\t<\/div>\n\t\t\t\t<\/div>\n\t\t\t\t\t<\/div>\n\t\t<\/div>\n\t\t\t\t\t<\/div>\n\t\t<\/section>\n\t\t\t\t<\/div>","protected":false},"excerpt":{"rendered":"<p>About the Journey The Conditions and supplications of the Tijaniyya is the debut book of Mathias Eichhorn about his journey on the spiritual path and development of knowledge. He invites the students of the spiritual path to embark with him on their journey towards knowledge of the divine with empty hands, only their spiritual potential,&hellip;&nbsp;<a href=\"https:\/\/tijanibooks.biz\/fr\/about\/\" rel=\"bookmark\">Lire la suite &raquo;<span class=\"screen-reader-text\">a propos<\/span><\/a><\/p>","protected":false},"author":1,"featured_media":0,"parent":0,"menu_order":0,"comment_status":"closed","ping_status":"closed","template":"page-templates\/template-pagebuilder-full-width.php","meta":{"neve_meta_sidebar":"full-width","neve_meta_container":"","neve_meta_enable_content_width":"","neve_meta_content_width":0,"neve_meta_title_alignment":"","neve_meta_author_avatar":"","neve_post_elements_order":"","neve_meta_disable_header":"","neve_meta_disable_footer":"on","neve_meta_disable_title":"","footnotes":""},"class_list":["post-608","page","type-page","status-publish","hentry"],"jetpack_sharing_enabled":true,"_links":{"self":[{"href":"https:\/\/tijanibooks.biz\/fr\/wp-json\/wp\/v2\/pages\/608","targetHints":{"allow":["GET"]}}],"collection":[{"href":"https:\/\/tijanibooks.biz\/fr\/wp-json\/wp\/v2\/pages"}],"about":[{"href":"https:\/\/tijanibooks.biz\/fr\/wp-json\/wp\/v2\/types\/page"}],"author":[{"embeddable":true,"href":"https:\/\/tijanibooks.biz\/fr\/wp-json\/wp\/v2\/users\/1"}],"replies":[{"embeddable":true,"href":"https:\/\/tijanibooks.biz\/fr\/wp-json\/wp\/v2\/comments?post=608"}],"version-history":[{"count":10,"href":"https:\/\/tijanibooks.biz\/fr\/wp-json\/wp\/v2\/pages\/608\/revisions"}],"predecessor-version":[{"id":836,"href":"https:\/\/tijanibooks.biz\/fr\/wp-json\/wp\/v2\/pages\/608\/revisions\/836"}],"wp:attachment":[{"href":"https:\/\/tijanibooks.biz\/fr\/wp-json\/wp\/v2\/media?parent=608"}],"curies":[{"name":"wp","href":"https:\/\/api.w.org\/{rel}","templated":true}]}}