{"id":845,"date":"2024-01-11T20:15:23","date_gmt":"2024-01-11T19:15:23","guid":{"rendered":"https:\/\/tijanibooks.biz\/?page_id=845"},"modified":"2024-01-11T22:24:56","modified_gmt":"2024-01-11T21:24:56","slug":"kashif-ilbas-2","status":"publish","type":"page","link":"https:\/\/tijanibooks.biz\/fr\/kashif-ilbas-2\/","title":{"rendered":"kashif-ilbas"},"content":{"rendered":"<div data-elementor-type=\"wp-page\" data-elementor-id=\"845\" class=\"elementor elementor-845\">\n\t\t\t\t\t\t<section class=\"has_eae_slider elementor-section elementor-top-section elementor-element elementor-element-362495ce elementor-section-content-middle elementor-section-boxed elementor-section-height-default elementor-section-height-default\" data-eae-slider=\"96562\" data-id=\"362495ce\" data-element_type=\"section\" data-e-type=\"section\">\n\t\t\t\t\t\t<div class=\"elementor-container elementor-column-gap-no\">\n\t\t\t\t\t<div class=\"has_eae_slider elementor-column elementor-col-50 elementor-top-column elementor-element elementor-element-59b83179\" data-eae-slider=\"86652\" data-id=\"59b83179\" data-element_type=\"column\" data-e-type=\"column\">\n\t\t\t<div class=\"elementor-widget-wrap elementor-element-populated\">\n\t\t\t\t\t\t<div class=\"elementor-element elementor-element-4fb8cfa eae--hr-position-center eae--vr-position-middle elementor-widget elementor-widget-eae-thumbgallery\" data-id=\"4fb8cfa\" data-element_type=\"widget\" data-e-type=\"widget\" data-settings=\"{&quot;thumb_slides_per_view&quot;:3,&quot;thumb_slides_per_view_tablet&quot;:3,&quot;thumb_slides_per_view_mobile&quot;:2,&quot;thumb_space_between&quot;:10,&quot;thumb_space_between_tablet&quot;:10,&quot;thumb_space_between_mobile&quot;:5,&quot;slider_space_between&quot;:{&quot;unit&quot;:&quot;px&quot;,&quot;size&quot;:10,&quot;sizes&quot;:[]},&quot;slider_space_between_tablet&quot;:{&quot;unit&quot;:&quot;px&quot;,&quot;size&quot;:15,&quot;sizes&quot;:[]},&quot;slider_space_between_mobile&quot;:{&quot;unit&quot;:&quot;px&quot;,&quot;size&quot;:10,&quot;sizes&quot;:[]}}\" data-widget_type=\"eae-thumbgallery.default\">\n\t\t\t\t<div class=\"elementor-widget-container\">\n\t\t\t\t\t\n\t\t<div class=\"eae-swiper-outer-wrapper eae-swiper\" data-swiper-settings=\"{&quot;breakpoints_value&quot;:{&quot;mobile&quot;:320,&quot;tablet&quot;:768,&quot;desktop&quot;:1025},&quot;thumbs&quot;:{&quot;spaceBetween&quot;:{&quot;mobile&quot;:5,&quot;tablet&quot;:10,&quot;default&quot;:10},&quot;slidesPerView&quot;:{&quot;mobile&quot;:2,&quot;tablet&quot;:3,&quot;default&quot;:3}},&quot;effect&quot;:&quot;slide&quot;,&quot;speed&quot;:500,&quot;spaceBetween&quot;:{&quot;mobile&quot;:1,&quot;tablet&quot;:1,&quot;default&quot;:10},&quot;clickable&quot;:false,&quot;keyboard&quot;:true}\">\n\t\t\t\t\t   \n\t\t\t<div class=\"eae-swiper-container swiper\">\n\t\t\t\t<div class=\"eae-swiper-wrapper swiper-wrapper slider_vertical_wrapper\">\n\t\t\t\t\t\n\n\t\t\t\t\t<div class=\"elementor-repeater-item-b3a4972 eae-swiper-slide swiper-slide\" style=\"background-image : url(https:\/\/tijanibooks.biz\/wp-content\/uploads\/2024\/01\/kashif-ilbas.jpg);\">\n\t\t\t\t   \n\t\t\t\t\t\t\t\t\t\t\t\t<div class=\"eae-slide-inner\">\t\t\t\t\t\t\t\t\t\t\t\t\t\t<\/div>\t\t\t\t\t\t\t<\/div>\n\t\t\t\t   \n\t\t\t\t\t\n\n\t\t\t\t\t<div class=\"elementor-repeater-item-4a81740 eae-swiper-slide swiper-slide\" style=\"background-image : url(https:\/\/tijanibooks.biz\/wp-content\/uploads\/2024\/01\/kashif-al-ilbas-cover.jpg);\">\n\t\t\t\t   \n\t\t\t\t\t\t\t\t\t\t\t\t<div class=\"eae-slide-inner\">\t\t\t\t\t\t\t\t\t\t\t\t\t\t<\/div>\t\t\t\t\t\t\t<\/div>\n\t\t\t\t   \n\t\t\t\t\t\n\n\t\t\t\t\t<div class=\"elementor-repeater-item-345456b eae-swiper-slide swiper-slide\" style=\"background-image : url(https:\/\/tijanibooks.biz\/wp-content\/uploads\/2024\/01\/Kashif-al-Ilbas-back.jpg);\">\n\t\t\t\t   \n\t\t\t\t\t\t\t\t\t\t\t\t<div class=\"eae-slide-inner\">\t\t\t\t\t\t\t\t\t\t\t\t\t\t<\/div>\t\t\t\t\t\t\t<\/div>\n\t\t\t\t   \n\t\t\t\t\t \n\t\t\t\t<\/div>\n\t\t\t   \n\t\t\t\t\t\t\t\t\t\n\t\t\t<\/div>\t\n\t\t\n\t\t\t<div class=\"eae-thumb-container swiper eae-gallery-thumbs eae-thumb-horizontal-bottom\">\n\t\t\t\t<div class=\"eae-thumb-wrapper swiper-wrapper\">\n\t\t\t\t\t\t\t\t\t\t   \n\t\t\t\t\t\t<div class=\"elementor-repeater-item-b3a4972 eae-thumb-slide swiper-slide\" style=\"background-image : url(https:\/\/tijanibooks.biz\/wp-content\/uploads\/2024\/01\/kashif-ilbas.jpg);\">\n\t\t\t\t\t\t\t\t<div class='eae-fit-aspect-ratio'><\/div>\n\t\t\t\t\t\t<\/div>\n\t\t\t\t\t\t\t\t\t\t   \n\t\t\t\t\t\t<div class=\"elementor-repeater-item-4a81740 eae-thumb-slide swiper-slide\" style=\"background-image : url(https:\/\/tijanibooks.biz\/wp-content\/uploads\/2024\/01\/kashif-al-ilbas-cover.jpg);\">\n\t\t\t\t\t\t\t\t<div class='eae-fit-aspect-ratio'><\/div>\n\t\t\t\t\t\t<\/div>\n\t\t\t\t\t\t\t\t\t\t   \n\t\t\t\t\t\t<div class=\"elementor-repeater-item-345456b eae-thumb-slide swiper-slide\" style=\"background-image : url(https:\/\/tijanibooks.biz\/wp-content\/uploads\/2024\/01\/Kashif-al-Ilbas-back.jpg);\">\n\t\t\t\t\t\t\t\t<div class='eae-fit-aspect-ratio'><\/div>\n\t\t\t\t\t\t<\/div>\n\t\t\t\t\t \n\t\t\t\t<\/div>\n\n\t\t\t\t\n\t\t\t<\/div>\n\n\t\t\t\t<\/div> \n\t\t\t\t\t\t<\/div>\n\t\t\t\t<\/div>\n\t\t\t\t\t<\/div>\n\t\t<\/div>\n\t\t\t\t<div class=\"has_eae_slider elementor-column elementor-col-50 elementor-top-column elementor-element elementor-element-2e67b455\" data-eae-slider=\"99378\" data-id=\"2e67b455\" data-element_type=\"column\" data-e-type=\"column\">\n\t\t\t<div class=\"elementor-widget-wrap elementor-element-populated\">\n\t\t\t\t\t\t<div class=\"elementor-element elementor-element-61ac5263 elementor-widget elementor-widget-heading\" data-id=\"61ac5263\" data-element_type=\"widget\" data-e-type=\"widget\" data-widget_type=\"heading.default\">\n\t\t\t\t<div class=\"elementor-widget-container\">\n\t\t\t\t\t<h1 class=\"elementor-heading-title elementor-size-default\">Le D\u00e9voilement: Kashif al-Ilbas<\/h1>\t\t\t\t<\/div>\n\t\t\t\t<\/div>\n\t\t\t\t<div class=\"elementor-element elementor-element-1d077c3e elementor-widget elementor-widget-text-editor\" data-id=\"1d077c3e\" data-element_type=\"widget\" data-e-type=\"widget\" data-widget_type=\"text-editor.default\">\n\t\t\t\t<div class=\"elementor-widget-container\">\n\t\t\t\t\t\t\t\t\t<p>24,16 \u20ac<br \/>broch\u00e9, 423 pages.<br \/>ISBN 978-3982338330<\/p>\t\t\t\t\t\t\t\t<\/div>\n\t\t\t\t<\/div>\n\t\t\t\t<div class=\"elementor-element elementor-element-74ca963d elementor-widget elementor-widget-toggle\" data-id=\"74ca963d\" data-element_type=\"widget\" data-e-type=\"widget\" data-widget_type=\"toggle.default\">\n\t\t\t\t<div class=\"elementor-widget-container\">\n\t\t\t\t\t\t\t<div class=\"elementor-toggle\">\n\t\t\t\t\t\t\t<div class=\"elementor-toggle-item\">\n\t\t\t\t\t<div id=\"elementor-tab-title-1951\" class=\"elementor-tab-title\" data-tab=\"1\" role=\"button\" aria-controls=\"elementor-tab-content-1951\" aria-expanded=\"false\">\n\t\t\t\t\t\t\t\t\t\t\t\t<span class=\"elementor-toggle-icon elementor-toggle-icon-left\" aria-hidden=\"true\">\n\t\t\t\t\t\t\t\t\t\t\t\t\t\t\t<span class=\"elementor-toggle-icon-closed\"><i class=\"fas fa-chevron-down\"><\/i><\/span>\n\t\t\t\t\t\t\t\t<span class=\"elementor-toggle-icon-opened\"><i class=\"elementor-toggle-icon-opened fas fa-caret-up\"><\/i><\/span>\n\t\t\t\t\t\t\t\t\t\t\t\t\t<\/span>\n\t\t\t\t\t\t\t\t\t\t\t\t<a class=\"elementor-toggle-title\" tabindex=\"0\">\u00e0 propos du livre<\/a>\n\t\t\t\t\t<\/div>\n\n\t\t\t\t\t<div id=\"elementor-tab-content-1951\" class=\"elementor-tab-content elementor-clearfix\" data-tab=\"1\" role=\"region\" aria-labelledby=\"elementor-tab-title-1951\"><p><em>Le D\u00e9voilement du Flux Spirituel (Kashif al-Ilbas)<\/em> est un recueil de perceptions de la tradition soufie musulmane concernant la voie \u00e0 suivre pour r\u00e9aliser la connaissance exp\u00e9rientielle d'Allah. Il s'agit de la premi\u00e8re tradition fran\u00e7aise de ce texte majeur de la Tijaniyya, l'un des ordres soufis les plus dynamiques et les moins \u00e9tudi\u00e9s au monde.<\/p><p>Fond\u00e9 par Shaykh Ahmad al-Tijani dans le Maghreb \u00e0 la fin du dix-huiti\u00e8me si\u00e8cle, cet ordre soufi s'est r\u00e9pandu dans toute l'Afrique sub-saharienne et au-del\u00e0. Le Kashif al-Ilbas, un ouvrage qui a contribu\u00e9 \u00e0 la diffusion de la Tijaniyya dans l'Afrique de l'Ouest du vingti\u00e8me si\u00e8cle, d\u00e9montre la dialectique fructueuse entre les traditions soufies et la pertinence continue de la connaissance d'Allah par la voie soufie.<\/p><p>L'auteur, Shaykh al-Islam Ibrahim Niasse (mort en 1975 au S\u00e9n\u00e9gal), est l'un des propagateurs les plus efficaces de l'islam et du soufisme dans le monde moderne. Peut-\u00eatre cent millions de musulmans \u00e0 travers l'Afrique soudanaise et au-del\u00e0 sont affili\u00e9s \u00e0 la Tijaniyya, et parfois \u00e0 l'Islam lui-m\u00eame, gr\u00e2ce aux efforts inlassables de Shaykh Ibrahim, connu par ses disciples comme <em>Sahib al-Fayda et Ghawth al-Zaman<\/em>. Les r\u00e9alisations scientifiques et l'activisme islamique de Shaykh Ibrahim ont fait de lui l'une des personnalit\u00e9s musulmanes les plus marquantes du vingti\u00e8me si\u00e8cle.<\/p><\/div>\n\t\t\t\t<\/div>\n\t\t\t\t\t\t\t\t<\/div>\n\t\t\t\t\t\t<\/div>\n\t\t\t\t<\/div>\n\t\t\t\t<div class=\"elementor-element elementor-element-1576b277 elementor-mobile-align-center elementor-align-left elementor-widget elementor-widget-button\" data-id=\"1576b277\" data-element_type=\"widget\" data-e-type=\"widget\" data-widget_type=\"button.default\">\n\t\t\t\t<div class=\"elementor-widget-container\">\n\t\t\t\t\t\t\t\t\t<div class=\"elementor-button-wrapper\">\n\t\t\t\t\t<a class=\"elementor-button elementor-button-link elementor-size-md elementor-animation-grow\" href=\"https:\/\/www.amazon.fr\/dp\/3982338336\" target=\"_blank\">\n\t\t\t\t\t\t<span class=\"elementor-button-content-wrapper\">\n\t\t\t\t\t\t<span class=\"elementor-button-icon\">\n\t\t\t\t<i aria-hidden=\"true\" class=\"fab fa-amazon\"><\/i>\t\t\t<\/span>\n\t\t\t\t\t\t\t\t\t<span class=\"elementor-button-text\">acheter sur<\/span>\n\t\t\t\t\t<\/span>\n\t\t\t\t\t<\/a>\n\t\t\t\t<\/div>\n\t\t\t\t\t\t\t\t<\/div>\n\t\t\t\t<\/div>\n\t\t\t\t\t<\/div>\n\t\t<\/div>\n\t\t\t\t\t<\/div>\n\t\t<\/section>\n\t\t\t\t<\/div>","protected":false},"excerpt":{"rendered":"<p>Le D\u00e9voilement: Kashif al-Ilbas 24,16 \u20acpaperback, 423 pages.ISBN 978-3982338330 about the book The Removal of Confusion (Kashif al-Ilbas) is a compilation of insights from the Muslim Sufi tradition concerning the path to achieving experiential knowledge of Allah. It represents the first French translation of this significant text from the Tijaniyya, one of the most dynamic&hellip;&nbsp;<a href=\"https:\/\/tijanibooks.biz\/fr\/kashif-ilbas-2\/\" rel=\"bookmark\">Lire la suite &raquo;<span class=\"screen-reader-text\">kashif-ilbas<\/span><\/a><\/p>","protected":false},"author":1,"featured_media":0,"parent":0,"menu_order":0,"comment_status":"closed","ping_status":"closed","template":"","meta":{"neve_meta_sidebar":"full-width","neve_meta_container":"full-width","neve_meta_enable_content_width":"off","neve_meta_content_width":70,"neve_meta_title_alignment":"","neve_meta_author_avatar":"","neve_post_elements_order":"","neve_meta_disable_header":"off","neve_meta_disable_footer":"on","neve_meta_disable_title":"on","footnotes":""},"class_list":["post-845","page","type-page","status-publish","hentry"],"jetpack_sharing_enabled":true,"_links":{"self":[{"href":"https:\/\/tijanibooks.biz\/fr\/wp-json\/wp\/v2\/pages\/845","targetHints":{"allow":["GET"]}}],"collection":[{"href":"https:\/\/tijanibooks.biz\/fr\/wp-json\/wp\/v2\/pages"}],"about":[{"href":"https:\/\/tijanibooks.biz\/fr\/wp-json\/wp\/v2\/types\/page"}],"author":[{"embeddable":true,"href":"https:\/\/tijanibooks.biz\/fr\/wp-json\/wp\/v2\/users\/1"}],"replies":[{"embeddable":true,"href":"https:\/\/tijanibooks.biz\/fr\/wp-json\/wp\/v2\/comments?post=845"}],"version-history":[{"count":10,"href":"https:\/\/tijanibooks.biz\/fr\/wp-json\/wp\/v2\/pages\/845\/revisions"}],"predecessor-version":[{"id":875,"href":"https:\/\/tijanibooks.biz\/fr\/wp-json\/wp\/v2\/pages\/845\/revisions\/875"}],"wp:attachment":[{"href":"https:\/\/tijanibooks.biz\/fr\/wp-json\/wp\/v2\/media?parent=845"}],"curies":[{"name":"wp","href":"https:\/\/api.w.org\/{rel}","templated":true}]}}